{"id":3191,"date":"2025-02-12T10:27:06","date_gmt":"2025-02-12T09:27:06","guid":{"rendered":"https:\/\/www.interfjord.dk\/om-oss\/"},"modified":"2025-04-28T09:24:02","modified_gmt":"2025-04-28T07:24:02","slug":"om-oss","status":"publish","type":"page","link":"https:\/\/www.interfjord.dk\/no\/om-oss\/","title":{"rendered":"Om oss"},"content":{"rendered":"\t\t<div data-elementor-type=\"wp-page\" data-elementor-id=\"3191\" class=\"elementor elementor-3191 elementor-194\" data-elementor-post-type=\"page\">\n\t\t\t\t<div class=\"elementor-element elementor-element-2460802 e-con-full e-flex e-con e-parent\" data-id=\"2460802\" data-element_type=\"container\" data-settings=\"{&quot;background_background&quot;:&quot;classic&quot;}\">\n\t\t<div class=\"elementor-element elementor-element-4446f81 e-con-full e-flex e-con e-child\" data-id=\"4446f81\" data-element_type=\"container\">\n\t\t\t\t<\/div>\n\t\t\t\t<div class=\"elementor-element elementor-element-bebd43d elementor-widget__width-initial elementor-absolute elementor-widget elementor-widget-image\" data-id=\"bebd43d\" data-element_type=\"widget\" data-settings=\"{&quot;_position&quot;:&quot;absolute&quot;}\" data-widget_type=\"image.default\">\n\t\t\t\t<div class=\"elementor-widget-container\">\n\t\t\t\t\t\t\t\t\t\t\t\t\t\t\t<img fetchpriority=\"high\" decoding=\"async\" width=\"2560\" height=\"640\" src=\"https:\/\/www.interfjord.dk\/wp-content\/uploads\/2025\/02\/Realistic-without-logo-copy.png\" class=\"attachment-full size-full wp-image-2828\" alt=\"\" srcset=\"https:\/\/www.interfjord.dk\/wp-content\/uploads\/2025\/02\/Realistic-without-logo-copy.png 2560w, https:\/\/www.interfjord.dk\/wp-content\/uploads\/2025\/02\/Realistic-without-logo-copy-300x75.png 300w, https:\/\/www.interfjord.dk\/wp-content\/uploads\/2025\/02\/Realistic-without-logo-copy-1024x256.png 1024w, https:\/\/www.interfjord.dk\/wp-content\/uploads\/2025\/02\/Realistic-without-logo-copy-768x192.png 768w, https:\/\/www.interfjord.dk\/wp-content\/uploads\/2025\/02\/Realistic-without-logo-copy-1536x384.png 1536w, https:\/\/www.interfjord.dk\/wp-content\/uploads\/2025\/02\/Realistic-without-logo-copy-2048x512.png 2048w\" sizes=\"(max-width: 2560px) 100vw, 2560px\" \/>\t\t\t\t\t\t\t\t\t\t\t\t\t\t\t<\/div>\n\t\t\t\t<\/div>\n\t\t\t\t<\/div>\n\t\t<div class=\"elementor-element elementor-element-59ab682 e-flex e-con-boxed e-con e-parent\" data-id=\"59ab682\" data-element_type=\"container\">\n\t\t\t\t\t<div class=\"e-con-inner\">\n\t\t\t\t<div class=\"elementor-element elementor-element-2fdb975 animated-slow elementor-invisible elementor-widget elementor-widget-text-editor\" data-id=\"2fdb975\" data-element_type=\"widget\" data-settings=\"{&quot;_animation&quot;:&quot;fadeIn&quot;,&quot;_animation_delay&quot;:300}\" data-widget_type=\"text-editor.default\">\n\t\t\t\t<div class=\"elementor-widget-container\">\n\t\t\t\t\t\t\t\t\t<p>INTERFJORD er en velrenomert, dynamisk, partnereid transportvirksomhet med kontorer i Glyng\u00f8re, Frederikshavn, K\u00f8benhavn, Randers, Herning, Stavanger Norge, Krakow Polen og N\u00f8rresundby, der via dyktige og velutdannede medarbeidere formidler et bredt utvalg av produkter p\u00e5 det globale transportmarkedet.<\/p>\t\t\t\t\t\t\t\t<\/div>\n\t\t\t\t<\/div>\n\t\t\t\t\t<\/div>\n\t\t\t\t<\/div>\n\t\t<div class=\"elementor-element elementor-element-e6ef90a e-con-full e-flex e-con e-parent\" data-id=\"e6ef90a\" data-element_type=\"container\">\n\t\t<div class=\"elementor-element elementor-element-1c29da6 e-con-full e-flex e-con e-child\" data-id=\"1c29da6\" data-element_type=\"container\">\n\t\t<div class=\"elementor-element elementor-element-d50ed44 e-con-full e-flex elementor-invisible e-con e-child\" data-id=\"d50ed44\" data-element_type=\"container\" data-settings=\"{&quot;animation&quot;:&quot;fadeInLeft&quot;}\">\n\t\t\t\t<div class=\"elementor-element elementor-element-91d725e animated-slow elementor-invisible elementor-widget elementor-widget-image\" data-id=\"91d725e\" data-element_type=\"widget\" data-settings=\"{&quot;_animation&quot;:&quot;fadeInLeft&quot;}\" data-widget_type=\"image.default\">\n\t\t\t\t<div class=\"elementor-widget-container\">\n\t\t\t\t\t\t\t\t\t\t\t\t\t\t\t<img decoding=\"async\" width=\"2560\" height=\"1707\" src=\"https:\/\/www.interfjord.dk\/wp-content\/uploads\/2025\/03\/INTERFJORD_STILL_EMF_V118-scaled.jpg\" class=\"attachment-full size-full wp-image-2876\" alt=\"\" srcset=\"https:\/\/www.interfjord.dk\/wp-content\/uploads\/2025\/03\/INTERFJORD_STILL_EMF_V118-scaled.jpg 2560w, https:\/\/www.interfjord.dk\/wp-content\/uploads\/2025\/03\/INTERFJORD_STILL_EMF_V118-300x200.jpg 300w, https:\/\/www.interfjord.dk\/wp-content\/uploads\/2025\/03\/INTERFJORD_STILL_EMF_V118-1024x683.jpg 1024w, https:\/\/www.interfjord.dk\/wp-content\/uploads\/2025\/03\/INTERFJORD_STILL_EMF_V118-768x512.jpg 768w, https:\/\/www.interfjord.dk\/wp-content\/uploads\/2025\/03\/INTERFJORD_STILL_EMF_V118-1536x1024.jpg 1536w, https:\/\/www.interfjord.dk\/wp-content\/uploads\/2025\/03\/INTERFJORD_STILL_EMF_V118-2048x1366.jpg 2048w\" sizes=\"(max-width: 2560px) 100vw, 2560px\" \/>\t\t\t\t\t\t\t\t\t\t\t\t\t\t\t<\/div>\n\t\t\t\t<\/div>\n\t\t\t\t<\/div>\n\t\t<div class=\"elementor-element elementor-element-41993fe e-con-full e-flex e-con e-child\" data-id=\"41993fe\" data-element_type=\"container\">\n\t\t\t\t<div class=\"elementor-element elementor-element-57013e0 animated-fast elementor-invisible elementor-widget elementor-widget-image\" data-id=\"57013e0\" data-element_type=\"widget\" data-settings=\"{&quot;_animation&quot;:&quot;fadeInRight&quot;}\" data-widget_type=\"image.default\">\n\t\t\t\t<div class=\"elementor-widget-container\">\n\t\t\t\t\t\t\t\t\t\t\t\t\t\t\t<img decoding=\"async\" width=\"2560\" height=\"1350\" src=\"https:\/\/www.interfjord.dk\/wp-content\/uploads\/2025\/03\/INTERFJORD_STILL_EMF_V050-copy-scaled.jpg\" class=\"attachment-full size-full wp-image-2874\" alt=\"\" srcset=\"https:\/\/www.interfjord.dk\/wp-content\/uploads\/2025\/03\/INTERFJORD_STILL_EMF_V050-copy-scaled.jpg 2560w, https:\/\/www.interfjord.dk\/wp-content\/uploads\/2025\/03\/INTERFJORD_STILL_EMF_V050-copy-300x158.jpg 300w, https:\/\/www.interfjord.dk\/wp-content\/uploads\/2025\/03\/INTERFJORD_STILL_EMF_V050-copy-1024x540.jpg 1024w, https:\/\/www.interfjord.dk\/wp-content\/uploads\/2025\/03\/INTERFJORD_STILL_EMF_V050-copy-768x405.jpg 768w, https:\/\/www.interfjord.dk\/wp-content\/uploads\/2025\/03\/INTERFJORD_STILL_EMF_V050-copy-1536x810.jpg 1536w, https:\/\/www.interfjord.dk\/wp-content\/uploads\/2025\/03\/INTERFJORD_STILL_EMF_V050-copy-2048x1080.jpg 2048w\" sizes=\"(max-width: 2560px) 100vw, 2560px\" \/>\t\t\t\t\t\t\t\t\t\t\t\t\t\t\t<\/div>\n\t\t\t\t<\/div>\n\t\t\t\t<div class=\"elementor-element elementor-element-421ad88 animated-fast elementor-invisible elementor-widget elementor-widget-image\" data-id=\"421ad88\" data-element_type=\"widget\" data-settings=\"{&quot;_animation&quot;:&quot;fadeInRight&quot;,&quot;_animation_delay&quot;:100}\" data-widget_type=\"image.default\">\n\t\t\t\t<div class=\"elementor-widget-container\">\n\t\t\t\t\t\t\t\t\t\t\t\t\t\t\t<img loading=\"lazy\" decoding=\"async\" width=\"2560\" height=\"1707\" src=\"https:\/\/www.interfjord.dk\/wp-content\/uploads\/2025\/03\/INTERFJORD_STILL_EMF_V051-copy-scaled.jpg\" class=\"attachment-full size-full wp-image-2875\" alt=\"\" srcset=\"https:\/\/www.interfjord.dk\/wp-content\/uploads\/2025\/03\/INTERFJORD_STILL_EMF_V051-copy-scaled.jpg 2560w, https:\/\/www.interfjord.dk\/wp-content\/uploads\/2025\/03\/INTERFJORD_STILL_EMF_V051-copy-300x200.jpg 300w, https:\/\/www.interfjord.dk\/wp-content\/uploads\/2025\/03\/INTERFJORD_STILL_EMF_V051-copy-1024x683.jpg 1024w, https:\/\/www.interfjord.dk\/wp-content\/uploads\/2025\/03\/INTERFJORD_STILL_EMF_V051-copy-768x512.jpg 768w, https:\/\/www.interfjord.dk\/wp-content\/uploads\/2025\/03\/INTERFJORD_STILL_EMF_V051-copy-1536x1024.jpg 1536w, https:\/\/www.interfjord.dk\/wp-content\/uploads\/2025\/03\/INTERFJORD_STILL_EMF_V051-copy-2048x1365.jpg 2048w\" sizes=\"(max-width: 2560px) 100vw, 2560px\" \/>\t\t\t\t\t\t\t\t\t\t\t\t\t\t\t<\/div>\n\t\t\t\t<\/div>\n\t\t\t\t<\/div>\n\t\t\t\t<\/div>\n\t\t<div class=\"elementor-element elementor-element-c87ec95 e-con-full e-flex e-con e-child\" data-id=\"c87ec95\" data-element_type=\"container\">\n\t\t<div class=\"elementor-element elementor-element-1dcffeb e-con-full e-flex e-con e-child\" data-id=\"1dcffeb\" data-element_type=\"container\">\n\t\t\t\t<div class=\"elementor-element elementor-element-9688756 animated-fast elementor-invisible elementor-widget elementor-widget-image\" data-id=\"9688756\" data-element_type=\"widget\" data-settings=\"{&quot;_animation&quot;:&quot;fadeInLeft&quot;}\" data-widget_type=\"image.default\">\n\t\t\t\t<div class=\"elementor-widget-container\">\n\t\t\t\t\t\t\t\t\t\t\t\t\t\t\t<img loading=\"lazy\" decoding=\"async\" width=\"2560\" height=\"1353\" src=\"https:\/\/www.interfjord.dk\/wp-content\/uploads\/2025\/03\/INTERFJORD_STILL_EMF_V076-scaled.jpg\" class=\"attachment-full size-full wp-image-2862\" alt=\"\" srcset=\"https:\/\/www.interfjord.dk\/wp-content\/uploads\/2025\/03\/INTERFJORD_STILL_EMF_V076-scaled.jpg 2560w, https:\/\/www.interfjord.dk\/wp-content\/uploads\/2025\/03\/INTERFJORD_STILL_EMF_V076-300x159.jpg 300w, https:\/\/www.interfjord.dk\/wp-content\/uploads\/2025\/03\/INTERFJORD_STILL_EMF_V076-1024x541.jpg 1024w, https:\/\/www.interfjord.dk\/wp-content\/uploads\/2025\/03\/INTERFJORD_STILL_EMF_V076-768x406.jpg 768w, https:\/\/www.interfjord.dk\/wp-content\/uploads\/2025\/03\/INTERFJORD_STILL_EMF_V076-1536x812.jpg 1536w, https:\/\/www.interfjord.dk\/wp-content\/uploads\/2025\/03\/INTERFJORD_STILL_EMF_V076-2048x1082.jpg 2048w\" sizes=\"(max-width: 2560px) 100vw, 2560px\" \/>\t\t\t\t\t\t\t\t\t\t\t\t\t\t\t<\/div>\n\t\t\t\t<\/div>\n\t\t\t\t<div class=\"elementor-element elementor-element-f00b16f animated-fast elementor-invisible elementor-widget elementor-widget-image\" data-id=\"f00b16f\" data-element_type=\"widget\" data-settings=\"{&quot;_animation&quot;:&quot;fadeInLeft&quot;,&quot;_animation_delay&quot;:100}\" data-widget_type=\"image.default\">\n\t\t\t\t<div class=\"elementor-widget-container\">\n\t\t\t\t\t\t\t\t\t\t\t\t\t\t\t<img loading=\"lazy\" decoding=\"async\" width=\"2560\" height=\"1707\" src=\"https:\/\/www.interfjord.dk\/wp-content\/uploads\/2025\/03\/INTERFJORD_STILL_EMF_V120-scaled.jpg\" class=\"attachment-full size-full wp-image-2858\" alt=\"\" srcset=\"https:\/\/www.interfjord.dk\/wp-content\/uploads\/2025\/03\/INTERFJORD_STILL_EMF_V120-scaled.jpg 2560w, https:\/\/www.interfjord.dk\/wp-content\/uploads\/2025\/03\/INTERFJORD_STILL_EMF_V120-300x200.jpg 300w, https:\/\/www.interfjord.dk\/wp-content\/uploads\/2025\/03\/INTERFJORD_STILL_EMF_V120-1024x683.jpg 1024w, https:\/\/www.interfjord.dk\/wp-content\/uploads\/2025\/03\/INTERFJORD_STILL_EMF_V120-768x512.jpg 768w, https:\/\/www.interfjord.dk\/wp-content\/uploads\/2025\/03\/INTERFJORD_STILL_EMF_V120-1536x1024.jpg 1536w, https:\/\/www.interfjord.dk\/wp-content\/uploads\/2025\/03\/INTERFJORD_STILL_EMF_V120-2048x1365.jpg 2048w\" sizes=\"(max-width: 2560px) 100vw, 2560px\" \/>\t\t\t\t\t\t\t\t\t\t\t\t\t\t\t<\/div>\n\t\t\t\t<\/div>\n\t\t\t\t<\/div>\n\t\t<div class=\"elementor-element elementor-element-7a0c475 e-con-full e-flex e-con e-child\" data-id=\"7a0c475\" data-element_type=\"container\">\n\t\t\t\t<div class=\"elementor-element elementor-element-3c17a4f animated-fast elementor-invisible elementor-widget elementor-widget-image\" data-id=\"3c17a4f\" data-element_type=\"widget\" data-settings=\"{&quot;_animation&quot;:&quot;fadeInRight&quot;}\" data-widget_type=\"image.default\">\n\t\t\t\t<div class=\"elementor-widget-container\">\n\t\t\t\t\t\t\t\t\t\t\t\t\t\t\t<img loading=\"lazy\" decoding=\"async\" width=\"2560\" height=\"1433\" src=\"https:\/\/www.interfjord.dk\/wp-content\/uploads\/2025\/03\/INTERFJORD_STILL_EMF_V017-scaled.jpg\" class=\"attachment-full size-full wp-image-2864\" alt=\"\" srcset=\"https:\/\/www.interfjord.dk\/wp-content\/uploads\/2025\/03\/INTERFJORD_STILL_EMF_V017-scaled.jpg 2560w, https:\/\/www.interfjord.dk\/wp-content\/uploads\/2025\/03\/INTERFJORD_STILL_EMF_V017-300x168.jpg 300w, https:\/\/www.interfjord.dk\/wp-content\/uploads\/2025\/03\/INTERFJORD_STILL_EMF_V017-1024x573.jpg 1024w, https:\/\/www.interfjord.dk\/wp-content\/uploads\/2025\/03\/INTERFJORD_STILL_EMF_V017-768x430.jpg 768w, https:\/\/www.interfjord.dk\/wp-content\/uploads\/2025\/03\/INTERFJORD_STILL_EMF_V017-1536x860.jpg 1536w, https:\/\/www.interfjord.dk\/wp-content\/uploads\/2025\/03\/INTERFJORD_STILL_EMF_V017-2048x1146.jpg 2048w\" sizes=\"(max-width: 2560px) 100vw, 2560px\" \/>\t\t\t\t\t\t\t\t\t\t\t\t\t\t\t<\/div>\n\t\t\t\t<\/div>\n\t\t\t\t<\/div>\n\t\t\t\t<\/div>\n\t\t<div class=\"elementor-element elementor-element-e39ece2 e-con-full e-flex e-con e-child\" data-id=\"e39ece2\" data-element_type=\"container\">\n\t\t<div class=\"elementor-element elementor-element-7bce60d e-con-full e-flex e-con e-child\" data-id=\"7bce60d\" data-element_type=\"container\">\n\t\t\t\t<div class=\"elementor-element elementor-element-063c333 animated-slow elementor-invisible elementor-widget elementor-widget-image\" data-id=\"063c333\" data-element_type=\"widget\" data-settings=\"{&quot;_animation&quot;:&quot;fadeInLeft&quot;}\" data-widget_type=\"image.default\">\n\t\t\t\t<div class=\"elementor-widget-container\">\n\t\t\t\t\t\t\t\t\t\t\t\t\t\t\t<img loading=\"lazy\" decoding=\"async\" width=\"2560\" height=\"1707\" src=\"https:\/\/www.interfjord.dk\/wp-content\/uploads\/2025\/03\/INTERFJORD_STILL_EMF_V172-scaled.jpg\" class=\"attachment-full size-full wp-image-2860\" alt=\"\" srcset=\"https:\/\/www.interfjord.dk\/wp-content\/uploads\/2025\/03\/INTERFJORD_STILL_EMF_V172-scaled.jpg 2560w, https:\/\/www.interfjord.dk\/wp-content\/uploads\/2025\/03\/INTERFJORD_STILL_EMF_V172-300x200.jpg 300w, https:\/\/www.interfjord.dk\/wp-content\/uploads\/2025\/03\/INTERFJORD_STILL_EMF_V172-1024x683.jpg 1024w, https:\/\/www.interfjord.dk\/wp-content\/uploads\/2025\/03\/INTERFJORD_STILL_EMF_V172-768x512.jpg 768w, https:\/\/www.interfjord.dk\/wp-content\/uploads\/2025\/03\/INTERFJORD_STILL_EMF_V172-1536x1024.jpg 1536w, https:\/\/www.interfjord.dk\/wp-content\/uploads\/2025\/03\/INTERFJORD_STILL_EMF_V172-2048x1365.jpg 2048w\" sizes=\"(max-width: 2560px) 100vw, 2560px\" \/>\t\t\t\t\t\t\t\t\t\t\t\t\t\t\t<\/div>\n\t\t\t\t<\/div>\n\t\t\t\t<\/div>\n\t\t<div class=\"elementor-element elementor-element-01bc3cf e-con-full e-flex e-con e-child\" data-id=\"01bc3cf\" data-element_type=\"container\">\n\t\t\t\t<div class=\"elementor-element elementor-element-45938a8 animated-slow elementor-invisible elementor-widget elementor-widget-image\" data-id=\"45938a8\" data-element_type=\"widget\" data-settings=\"{&quot;_animation&quot;:&quot;fadeInRight&quot;}\" data-widget_type=\"image.default\">\n\t\t\t\t<div class=\"elementor-widget-container\">\n\t\t\t\t\t\t\t\t\t\t\t\t\t\t\t<img loading=\"lazy\" decoding=\"async\" width=\"2560\" height=\"1517\" src=\"https:\/\/www.interfjord.dk\/wp-content\/uploads\/2025\/03\/INTERFJORD_STILL_EMF_V022-scaled.jpg\" class=\"attachment-full size-full wp-image-2865\" alt=\"\" srcset=\"https:\/\/www.interfjord.dk\/wp-content\/uploads\/2025\/03\/INTERFJORD_STILL_EMF_V022-scaled.jpg 2560w, https:\/\/www.interfjord.dk\/wp-content\/uploads\/2025\/03\/INTERFJORD_STILL_EMF_V022-300x178.jpg 300w, https:\/\/www.interfjord.dk\/wp-content\/uploads\/2025\/03\/INTERFJORD_STILL_EMF_V022-1024x607.jpg 1024w, https:\/\/www.interfjord.dk\/wp-content\/uploads\/2025\/03\/INTERFJORD_STILL_EMF_V022-768x455.jpg 768w, https:\/\/www.interfjord.dk\/wp-content\/uploads\/2025\/03\/INTERFJORD_STILL_EMF_V022-1536x910.jpg 1536w, https:\/\/www.interfjord.dk\/wp-content\/uploads\/2025\/03\/INTERFJORD_STILL_EMF_V022-2048x1214.jpg 2048w\" sizes=\"(max-width: 2560px) 100vw, 2560px\" \/>\t\t\t\t\t\t\t\t\t\t\t\t\t\t\t<\/div>\n\t\t\t\t<\/div>\n\t\t\t\t<div class=\"elementor-element elementor-element-2258ecc elementor-invisible elementor-widget elementor-widget-image\" data-id=\"2258ecc\" data-element_type=\"widget\" data-settings=\"{&quot;_animation&quot;:&quot;fadeInRight&quot;,&quot;_animation_delay&quot;:100}\" data-widget_type=\"image.default\">\n\t\t\t\t<div class=\"elementor-widget-container\">\n\t\t\t\t\t\t\t\t\t\t\t\t\t\t\t<img loading=\"lazy\" decoding=\"async\" width=\"2560\" height=\"1310\" src=\"https:\/\/www.interfjord.dk\/wp-content\/uploads\/2025\/03\/INTERFJORD_STILL_EMF_V038-scaled.jpg\" class=\"attachment-full size-full wp-image-2866\" alt=\"\" srcset=\"https:\/\/www.interfjord.dk\/wp-content\/uploads\/2025\/03\/INTERFJORD_STILL_EMF_V038-scaled.jpg 2560w, https:\/\/www.interfjord.dk\/wp-content\/uploads\/2025\/03\/INTERFJORD_STILL_EMF_V038-300x154.jpg 300w, https:\/\/www.interfjord.dk\/wp-content\/uploads\/2025\/03\/INTERFJORD_STILL_EMF_V038-1024x524.jpg 1024w, https:\/\/www.interfjord.dk\/wp-content\/uploads\/2025\/03\/INTERFJORD_STILL_EMF_V038-768x393.jpg 768w, https:\/\/www.interfjord.dk\/wp-content\/uploads\/2025\/03\/INTERFJORD_STILL_EMF_V038-1536x786.jpg 1536w, https:\/\/www.interfjord.dk\/wp-content\/uploads\/2025\/03\/INTERFJORD_STILL_EMF_V038-2048x1048.jpg 2048w\" sizes=\"(max-width: 2560px) 100vw, 2560px\" \/>\t\t\t\t\t\t\t\t\t\t\t\t\t\t\t<\/div>\n\t\t\t\t<\/div>\n\t\t\t\t<\/div>\n\t\t\t\t<\/div>\n\t\t\t\t<\/div>\n\t\t\t\t<\/div>\n\t\t","protected":false},"excerpt":{"rendered":"<p>INTERFJORD er en velrenomert, dynamisk, partnereid transportvirksomhet med kontorer i Glyng\u00f8re, Frederikshavn, K\u00f8benhavn, Randers, Herning, Stavanger Norge, Krakow Polen og N\u00f8rresundby, der via dyktige og velutdannede medarbeidere formidler et bredt utvalg av produkter p\u00e5 det globale transportmarkedet.<\/p>\n","protected":false},"author":2,"featured_media":0,"parent":0,"menu_order":0,"comment_status":"closed","ping_status":"closed","template":"","meta":{"_acf_changed":false,"inline_featured_image":false,"footnotes":""},"class_list":["post-3191","page","type-page","status-publish","hentry"],"acf":[],"_links":{"self":[{"href":"https:\/\/www.interfjord.dk\/no\/wp-json\/wp\/v2\/pages\/3191","targetHints":{"allow":["GET"]}}],"collection":[{"href":"https:\/\/www.interfjord.dk\/no\/wp-json\/wp\/v2\/pages"}],"about":[{"href":"https:\/\/www.interfjord.dk\/no\/wp-json\/wp\/v2\/types\/page"}],"author":[{"embeddable":true,"href":"https:\/\/www.interfjord.dk\/no\/wp-json\/wp\/v2\/users\/2"}],"replies":[{"embeddable":true,"href":"https:\/\/www.interfjord.dk\/no\/wp-json\/wp\/v2\/comments?post=3191"}],"version-history":[{"count":3,"href":"https:\/\/www.interfjord.dk\/no\/wp-json\/wp\/v2\/pages\/3191\/revisions"}],"predecessor-version":[{"id":3866,"href":"https:\/\/www.interfjord.dk\/no\/wp-json\/wp\/v2\/pages\/3191\/revisions\/3866"}],"wp:attachment":[{"href":"https:\/\/www.interfjord.dk\/no\/wp-json\/wp\/v2\/media?parent=3191"}],"curies":[{"name":"wp","href":"https:\/\/api.w.org\/{rel}","templated":true}]}}