{"id":2971,"date":"2025-02-12T10:27:27","date_gmt":"2025-02-12T09:27:27","guid":{"rendered":"https:\/\/www.interfjord.dk\/info-og-betingelser\/"},"modified":"2025-04-14T11:39:21","modified_gmt":"2025-04-14T09:39:21","slug":"info-og-betingelser","status":"publish","type":"page","link":"https:\/\/www.interfjord.dk\/no\/info-og-betingelser\/","title":{"rendered":"Info og Betingelser"},"content":{"rendered":"\t\t<div data-elementor-type=\"wp-page\" data-elementor-id=\"2971\" class=\"elementor elementor-2971 elementor-197\" data-elementor-post-type=\"page\">\n\t\t\t\t<div class=\"elementor-element elementor-element-1671e41 e-con-full e-flex e-con e-parent\" data-id=\"1671e41\" data-element_type=\"container\">\n\t\t\t\t<div class=\"elementor-element elementor-element-4600e69 elementor-widget elementor-widget-template\" data-id=\"4600e69\" data-element_type=\"widget\" data-widget_type=\"template.default\">\n\t\t\t\t<div class=\"elementor-widget-container\">\n\t\t\t\t\t\t\t<div class=\"elementor-template\">\n\t\t\t\t\t<div data-elementor-type=\"page\" data-elementor-id=\"4180\" class=\"elementor elementor-4180 elementor-1466\" data-elementor-post-type=\"elementor_library\">\n\t\t\t\t<div class=\"elementor-element elementor-element-c9f9378 e-con-full e-flex e-con e-parent\" data-id=\"c9f9378\" data-element_type=\"container\" data-settings=\"{&quot;background_background&quot;:&quot;classic&quot;}\">\n\t\t<div class=\"elementor-element elementor-element-2980e5d e-con-full e-flex e-con e-child\" data-id=\"2980e5d\" data-element_type=\"container\">\n\t\t\t\t<div class=\"elementor-element elementor-element-cb82045 elementor-invisible elementor-widget elementor-widget-heading\" data-id=\"cb82045\" data-element_type=\"widget\" data-settings=\"{&quot;_animation&quot;:&quot;fadeInUp&quot;}\" data-widget_type=\"heading.default\">\n\t\t\t\t<div class=\"elementor-widget-container\">\n\t\t\t\t\t<span class=\"elementor-heading-title elementor-size-default\">Info og Betingelser<\/span>\t\t\t\t<\/div>\n\t\t\t\t<\/div>\n\t\t\t\t<\/div>\n\t\t\t\t<div class=\"elementor-element elementor-element-576316d elementor-widget__width-initial elementor-absolute elementor-widget elementor-widget-image\" data-id=\"576316d\" data-element_type=\"widget\" data-settings=\"{&quot;_position&quot;:&quot;absolute&quot;}\" data-widget_type=\"image.default\">\n\t\t\t\t<div class=\"elementor-widget-container\">\n\t\t\t\t\t\t\t\t\t\t\t\t\t\t\t<img fetchpriority=\"high\" decoding=\"async\" width=\"2560\" height=\"640\" src=\"https:\/\/www.interfjord.dk\/wp-content\/uploads\/2025\/02\/Realistic-without-logo-copy.png\" class=\"attachment-full size-full wp-image-2828\" alt=\"\" srcset=\"https:\/\/www.interfjord.dk\/wp-content\/uploads\/2025\/02\/Realistic-without-logo-copy.png 2560w, https:\/\/www.interfjord.dk\/wp-content\/uploads\/2025\/02\/Realistic-without-logo-copy-300x75.png 300w, https:\/\/www.interfjord.dk\/wp-content\/uploads\/2025\/02\/Realistic-without-logo-copy-1024x256.png 1024w, https:\/\/www.interfjord.dk\/wp-content\/uploads\/2025\/02\/Realistic-without-logo-copy-768x192.png 768w, https:\/\/www.interfjord.dk\/wp-content\/uploads\/2025\/02\/Realistic-without-logo-copy-1536x384.png 1536w, https:\/\/www.interfjord.dk\/wp-content\/uploads\/2025\/02\/Realistic-without-logo-copy-2048x512.png 2048w\" sizes=\"(max-width: 2560px) 100vw, 2560px\" \/>\t\t\t\t\t\t\t\t\t\t\t\t\t\t\t<\/div>\n\t\t\t\t<\/div>\n\t\t\t\t<\/div>\n\t\t\t\t<\/div>\n\t\t\t\t<\/div>\n\t\t\t\t\t\t<\/div>\n\t\t\t\t<\/div>\n\t\t\t\t<\/div>\n\t\t<div class=\"elementor-element elementor-element-603d989 e-con-full e-flex e-con e-parent\" data-id=\"603d989\" data-element_type=\"container\">\n\t\t<div class=\"elementor-element elementor-element-d4d4a8c e-con-full e-flex e-con e-child\" data-id=\"d4d4a8c\" data-element_type=\"container\" data-settings=\"{&quot;background_background&quot;:&quot;classic&quot;}\">\n\t\t<div class=\"elementor-element elementor-element-82473b6 e-con-full e-flex e-con e-child\" data-id=\"82473b6\" data-element_type=\"container\" data-settings=\"{&quot;sticky&quot;:&quot;top&quot;,&quot;sticky_offset&quot;:185,&quot;sticky_effects_offset&quot;:80,&quot;sticky_parent&quot;:&quot;yes&quot;,&quot;sticky_on&quot;:[&quot;desktop&quot;,&quot;laptop&quot;],&quot;sticky_anchor_link_offset&quot;:0}\">\n\t\t\t\t<div class=\"elementor-element elementor-element-299bb4f elementor-nav-menu__align-end elementor-nav-menu--stretch elementor-nav-menu--dropdown-tablet elementor-nav-menu__text-align-aside elementor-nav-menu--toggle elementor-nav-menu--burger elementor-widget elementor-widget-nav-menu\" data-id=\"299bb4f\" data-element_type=\"widget\" data-settings=\"{&quot;layout&quot;:&quot;vertical&quot;,&quot;full_width&quot;:&quot;stretch&quot;,&quot;submenu_icon&quot;:{&quot;value&quot;:&quot;&lt;svg aria-hidden=\\&quot;true\\&quot; class=\\&quot;e-font-icon-svg e-fas-caret-down\\&quot; viewBox=\\&quot;0 0 320 512\\&quot; xmlns=\\&quot;http:\\\/\\\/www.w3.org\\\/2000\\\/svg\\&quot;&gt;&lt;path d=\\&quot;M31.3 192h257.3c17.8 0 26.7 21.5 14.1 34.1L174.1 354.8c-7.8 7.8-20.5 7.8-28.3 0L17.2 226.1C4.6 213.5 13.5 192 31.3 192z\\&quot;&gt;&lt;\\\/path&gt;&lt;\\\/svg&gt;&quot;,&quot;library&quot;:&quot;fa-solid&quot;},&quot;toggle&quot;:&quot;burger&quot;}\" data-widget_type=\"nav-menu.default\">\n\t\t\t\t<div class=\"elementor-widget-container\">\n\t\t\t\t\t\t\t\t<nav aria-label=\"Menu\" class=\"elementor-nav-menu--main elementor-nav-menu__container elementor-nav-menu--layout-vertical e--pointer-overline e--animation-fade\">\n\t\t\t\t<ul id=\"menu-1-299bb4f\" class=\"elementor-nav-menu sm-vertical\"><li class=\"menu-item menu-item-type-post_type menu-item-object-page menu-item-4209\"><a href=\"https:\/\/www.interfjord.dk\/no\/info-og-betingelser\/drivstoff-justeringsfaktor\/\" class=\"elementor-item\">Drivstoff-justeringsfaktor<\/a><\/li>\n<li class=\"menu-item menu-item-type-post_type menu-item-object-page menu-item-4208\"><a href=\"https:\/\/www.interfjord.dk\/no\/info-og-betingelser\/den-danske-foedevarestyrelsen\/\" class=\"elementor-item\">Den danske F\u00f8devarestyrelsen<\/a><\/li>\n<li class=\"menu-item menu-item-type-post_type menu-item-object-page menu-item-4207\"><a href=\"https:\/\/www.interfjord.dk\/no\/info-og-betingelser\/farligt-gods\/\" class=\"elementor-item\">Farligt gods<\/a><\/li>\n<li class=\"menu-item menu-item-type-post_type menu-item-object-page menu-item-4206\"><a href=\"https:\/\/www.interfjord.dk\/no\/info-og-betingelser\/eur-paller\/\" class=\"elementor-item\">EUR paller<\/a><\/li>\n<li class=\"menu-item menu-item-type-post_type menu-item-object-page menu-item-4205\"><a href=\"https:\/\/www.interfjord.dk\/no\/info-og-betingelser\/betalingsbetingelser\/\" class=\"elementor-item\">Betalingsbetingelser<\/a><\/li>\n<li class=\"menu-item menu-item-type-post_type menu-item-object-page menu-item-4204\"><a href=\"https:\/\/www.interfjord.dk\/no\/info-og-betingelser\/inco-terms-2010\/\" class=\"elementor-item\">Inco Terms 2010<\/a><\/li>\n<li class=\"menu-item menu-item-type-post_type menu-item-object-page menu-item-4203\"><a href=\"https:\/\/www.interfjord.dk\/no\/info-og-betingelser\/betingelser-sea-freight\/\" class=\"elementor-item\">Betingelser Sea Freight<\/a><\/li>\n<li class=\"menu-item menu-item-type-post_type menu-item-object-page menu-item-4202\"><a href=\"https:\/\/www.interfjord.dk\/no\/info-og-betingelser\/betingelser-air-freight\/\" class=\"elementor-item\">Betingelser Air Freight<\/a><\/li>\n<li class=\"menu-item menu-item-type-post_type menu-item-object-page menu-item-4201\"><a href=\"https:\/\/www.interfjord.dk\/no\/info-og-betingelser\/vareforsikring\/\" class=\"elementor-item\">Vareforsikring<\/a><\/li>\n<li class=\"menu-item menu-item-type-post_type menu-item-object-page menu-item-4200\"><a href=\"https:\/\/www.interfjord.dk\/no\/info-og-betingelser\/code-of-conduct\/\" class=\"elementor-item\">Code of Conduct<\/a><\/li>\n<li class=\"menu-item menu-item-type-post_type menu-item-object-page menu-item-4199\"><a href=\"https:\/\/www.interfjord.dk\/no\/info-og-betingelser\/sponsoravtaler\/\" class=\"elementor-item\">Sponsoravtaler<\/a><\/li>\n<li class=\"menu-item menu-item-type-post_type menu-item-object-page menu-item-4210\"><a href=\"https:\/\/www.interfjord.dk\/no\/info-og-betingelser\/teamviewer\/\" class=\"elementor-item\">Teamviewer<\/a><\/li>\n<li class=\"menu-item menu-item-type-post_type menu-item-object-page menu-item-4211\"><a href=\"https:\/\/www.interfjord.dk\/no\/aapenhetsloven\/\" class=\"elementor-item\">\u00c5penhetsloven<\/a><\/li>\n<\/ul>\t\t\t<\/nav>\n\t\t\t\t\t<div class=\"elementor-menu-toggle\" role=\"button\" tabindex=\"0\" aria-label=\"Menu Toggle\" aria-expanded=\"false\">\n\t\t\t<svg aria-hidden=\"true\" role=\"presentation\" class=\"elementor-menu-toggle__icon--open e-font-icon-svg e-eicon-menu-bar\" viewBox=\"0 0 1000 1000\" xmlns=\"http:\/\/www.w3.org\/2000\/svg\"><path d=\"M104 333H896C929 333 958 304 958 271S929 208 896 208H104C71 208 42 237 42 271S71 333 104 333ZM104 583H896C929 583 958 554 958 521S929 458 896 458H104C71 458 42 487 42 521S71 583 104 583ZM104 833H896C929 833 958 804 958 771S929 708 896 708H104C71 708 42 737 42 771S71 833 104 833Z\"><\/path><\/svg><svg aria-hidden=\"true\" role=\"presentation\" class=\"elementor-menu-toggle__icon--close e-font-icon-svg e-eicon-close\" viewBox=\"0 0 1000 1000\" xmlns=\"http:\/\/www.w3.org\/2000\/svg\"><path d=\"M742 167L500 408 258 167C246 154 233 150 217 150 196 150 179 158 167 167 154 179 150 196 150 212 150 229 154 242 171 254L408 500 167 742C138 771 138 800 167 829 196 858 225 858 254 829L496 587 738 829C750 842 767 846 783 846 800 846 817 842 829 829 842 817 846 804 846 783 846 767 842 750 829 737L588 500 833 258C863 229 863 200 833 171 804 137 775 137 742 167Z\"><\/path><\/svg>\t\t<\/div>\n\t\t\t\t\t<nav class=\"elementor-nav-menu--dropdown elementor-nav-menu__container\" aria-hidden=\"true\">\n\t\t\t\t<ul id=\"menu-2-299bb4f\" class=\"elementor-nav-menu sm-vertical\"><li class=\"menu-item menu-item-type-post_type menu-item-object-page menu-item-4209\"><a href=\"https:\/\/www.interfjord.dk\/no\/info-og-betingelser\/drivstoff-justeringsfaktor\/\" class=\"elementor-item\" tabindex=\"-1\">Drivstoff-justeringsfaktor<\/a><\/li>\n<li class=\"menu-item menu-item-type-post_type menu-item-object-page menu-item-4208\"><a href=\"https:\/\/www.interfjord.dk\/no\/info-og-betingelser\/den-danske-foedevarestyrelsen\/\" class=\"elementor-item\" tabindex=\"-1\">Den danske F\u00f8devarestyrelsen<\/a><\/li>\n<li class=\"menu-item menu-item-type-post_type menu-item-object-page menu-item-4207\"><a href=\"https:\/\/www.interfjord.dk\/no\/info-og-betingelser\/farligt-gods\/\" class=\"elementor-item\" tabindex=\"-1\">Farligt gods<\/a><\/li>\n<li class=\"menu-item menu-item-type-post_type menu-item-object-page menu-item-4206\"><a href=\"https:\/\/www.interfjord.dk\/no\/info-og-betingelser\/eur-paller\/\" class=\"elementor-item\" tabindex=\"-1\">EUR paller<\/a><\/li>\n<li class=\"menu-item menu-item-type-post_type menu-item-object-page menu-item-4205\"><a href=\"https:\/\/www.interfjord.dk\/no\/info-og-betingelser\/betalingsbetingelser\/\" class=\"elementor-item\" tabindex=\"-1\">Betalingsbetingelser<\/a><\/li>\n<li class=\"menu-item menu-item-type-post_type menu-item-object-page menu-item-4204\"><a href=\"https:\/\/www.interfjord.dk\/no\/info-og-betingelser\/inco-terms-2010\/\" class=\"elementor-item\" tabindex=\"-1\">Inco Terms 2010<\/a><\/li>\n<li class=\"menu-item menu-item-type-post_type menu-item-object-page menu-item-4203\"><a href=\"https:\/\/www.interfjord.dk\/no\/info-og-betingelser\/betingelser-sea-freight\/\" class=\"elementor-item\" tabindex=\"-1\">Betingelser Sea Freight<\/a><\/li>\n<li class=\"menu-item menu-item-type-post_type menu-item-object-page menu-item-4202\"><a href=\"https:\/\/www.interfjord.dk\/no\/info-og-betingelser\/betingelser-air-freight\/\" class=\"elementor-item\" tabindex=\"-1\">Betingelser Air Freight<\/a><\/li>\n<li class=\"menu-item menu-item-type-post_type menu-item-object-page menu-item-4201\"><a href=\"https:\/\/www.interfjord.dk\/no\/info-og-betingelser\/vareforsikring\/\" class=\"elementor-item\" tabindex=\"-1\">Vareforsikring<\/a><\/li>\n<li class=\"menu-item menu-item-type-post_type menu-item-object-page menu-item-4200\"><a href=\"https:\/\/www.interfjord.dk\/no\/info-og-betingelser\/code-of-conduct\/\" class=\"elementor-item\" tabindex=\"-1\">Code of Conduct<\/a><\/li>\n<li class=\"menu-item menu-item-type-post_type menu-item-object-page menu-item-4199\"><a href=\"https:\/\/www.interfjord.dk\/no\/info-og-betingelser\/sponsoravtaler\/\" class=\"elementor-item\" tabindex=\"-1\">Sponsoravtaler<\/a><\/li>\n<li class=\"menu-item menu-item-type-post_type menu-item-object-page menu-item-4210\"><a href=\"https:\/\/www.interfjord.dk\/no\/info-og-betingelser\/teamviewer\/\" class=\"elementor-item\" tabindex=\"-1\">Teamviewer<\/a><\/li>\n<li class=\"menu-item menu-item-type-post_type menu-item-object-page menu-item-4211\"><a href=\"https:\/\/www.interfjord.dk\/no\/aapenhetsloven\/\" class=\"elementor-item\" tabindex=\"-1\">\u00c5penhetsloven<\/a><\/li>\n<\/ul>\t\t\t<\/nav>\n\t\t\t\t\t\t<\/div>\n\t\t\t\t<\/div>\n\t\t\t\t<\/div>\n\t\t\t\t<\/div>\n\t\t<div class=\"elementor-element elementor-element-9051ca7 e-con-full e-flex e-con e-child\" data-id=\"9051ca7\" data-element_type=\"container\">\n\t\t\t\t<div class=\"elementor-element elementor-element-d3a8143 elementor-widget elementor-widget-text-editor\" data-id=\"d3a8143\" data-element_type=\"widget\" data-widget_type=\"text-editor.default\">\n\t\t\t\t<div class=\"elementor-widget-container\">\n\t\t\t\t\t\t\t\t\t<p>INTERFJORD utf\u00f8rer alle opgaver i henhold til Nordisk Spedit\u00f8rforbunds alminnelige bestemmelser (NSAB 2015) og if\u00f8lge CMR-regler, som omhandler loven om fraktavtaler for internasjonal veitransport.<\/p>\t\t\t\t\t\t\t\t<\/div>\n\t\t\t\t<\/div>\n\t\t\t\t<div class=\"elementor-element elementor-element-14df7af elementor-widget elementor-widget-text-editor\" data-id=\"14df7af\" data-element_type=\"widget\" data-widget_type=\"text-editor.default\">\n\t\t\t\t<div class=\"elementor-widget-container\">\n\t\t\t\t\t\t\t\t\t<p><strong>NSAB 2015:<\/strong><br>Alle oppgaver utf\u00f8res i henhold til Nordisk Spedit\u00f8rforbund alminnelige bestemmelser (NSAB 2015). Bestemmelsene begrenser v\u00e5rt ansvar for tap, forringelse eller beskadigelse av gods til SDR 8,33 pr. kg og for forsinkelse opp til fraktbel\u00f8pet, maksimalt SDR 50.000 for hver ordre. Ved lagring er spedit\u00f8rens samlede ansvar for skade ved en og samme hendelse begrenset til SDR 500.000 (\u00a7 27). Spesiell oppmerksomhet vises til at krav mot spedit\u00f8ren foreldes etter 1 \u00e5r (\u00a7 30), og at panteretten (\u00a7 14) omfatter b\u00e5de aktuelle og tidligere krav. Krav p\u00e5 frakt m.v. skal honoreres uansett handelsavtalens leveringsbetingelser (\u00a7 10). Alle transportoppgaver utf\u00f8res etter de gjeldende CMR-regler (loven om fraktavtaler for internasjonal veitransport).<\/p><p>Reklamasjoner: Ved eventuell skade eller manko m\u00e5 transport\u00f8ren og assurand\u00f8ren straks underrettes.<\/p>\t\t\t\t\t\t\t\t<\/div>\n\t\t\t\t<\/div>\n\t\t\t\t<\/div>\n\t\t\t\t<\/div>\n\t\t<div class=\"elementor-element elementor-element-21660fe e-con-full e-flex e-con e-parent\" data-id=\"21660fe\" data-element_type=\"container\">\n\t\t\t\t<div class=\"elementor-element elementor-element-e4c1551 elementor-widget elementor-widget-template\" data-id=\"e4c1551\" data-element_type=\"widget\" data-widget_type=\"template.default\">\n\t\t\t\t<div class=\"elementor-widget-container\">\n\t\t\t\t\t\t\t<div class=\"elementor-template\">\n\t\t\t\t\t<div data-elementor-type=\"page\" data-elementor-id=\"1350\" class=\"elementor elementor-1350\" data-elementor-post-type=\"elementor_library\">\n\t\t\t\t<div class=\"elementor-element elementor-element-1265c21 e-con-full e-flex e-con e-parent\" data-id=\"1265c21\" data-element_type=\"container\">\n\t\t<div class=\"elementor-element elementor-element-2a3e11a e-con-full e-flex e-con e-child\" data-id=\"2a3e11a\" data-element_type=\"container\">\n\t\t\t\t<div class=\"elementor-element elementor-element-cc8621e elementor-widget elementor-widget-image\" data-id=\"cc8621e\" data-element_type=\"widget\" data-widget_type=\"image.default\">\n\t\t\t\t<div class=\"elementor-widget-container\">\n\t\t\t\t\t\t\t\t\t\t\t\t\t\t\t<img decoding=\"async\" width=\"1138\" height=\"1154\" src=\"https:\/\/www.interfjord.dk\/wp-content\/uploads\/2025\/02\/B2_1.jpg\" class=\"attachment-full size-full wp-image-1294\" alt=\"\" srcset=\"https:\/\/www.interfjord.dk\/wp-content\/uploads\/2025\/02\/B2_1.jpg 1138w, https:\/\/www.interfjord.dk\/wp-content\/uploads\/2025\/02\/B2_1-296x300.jpg 296w, https:\/\/www.interfjord.dk\/wp-content\/uploads\/2025\/02\/B2_1-1010x1024.jpg 1010w, https:\/\/www.interfjord.dk\/wp-content\/uploads\/2025\/02\/B2_1-768x779.jpg 768w\" sizes=\"(max-width: 1138px) 100vw, 1138px\" \/>\t\t\t\t\t\t\t\t\t\t\t\t\t\t\t<\/div>\n\t\t\t\t<\/div>\n\t\t\t\t<\/div>\n\t\t<div class=\"elementor-element elementor-element-2dcf2d9 e-con-full e-flex e-con e-child\" data-id=\"2dcf2d9\" data-element_type=\"container\">\n\t\t\t\t<div class=\"elementor-element elementor-element-23d92d8 elementor-widget elementor-widget-image\" data-id=\"23d92d8\" data-element_type=\"widget\" data-widget_type=\"image.default\">\n\t\t\t\t<div class=\"elementor-widget-container\">\n\t\t\t\t\t\t\t\t\t\t\t\t\t\t\t<img decoding=\"async\" width=\"1138\" height=\"1154\" src=\"https:\/\/www.interfjord.dk\/wp-content\/uploads\/2025\/02\/B2_2.jpg\" class=\"attachment-full size-full wp-image-1295\" alt=\"\" srcset=\"https:\/\/www.interfjord.dk\/wp-content\/uploads\/2025\/02\/B2_2.jpg 1138w, https:\/\/www.interfjord.dk\/wp-content\/uploads\/2025\/02\/B2_2-296x300.jpg 296w, https:\/\/www.interfjord.dk\/wp-content\/uploads\/2025\/02\/B2_2-1010x1024.jpg 1010w, https:\/\/www.interfjord.dk\/wp-content\/uploads\/2025\/02\/B2_2-768x779.jpg 768w\" sizes=\"(max-width: 1138px) 100vw, 1138px\" \/>\t\t\t\t\t\t\t\t\t\t\t\t\t\t\t<\/div>\n\t\t\t\t<\/div>\n\t\t\t\t<\/div>\n\t\t<div class=\"elementor-element elementor-element-a834194 e-con-full e-flex e-con e-child\" data-id=\"a834194\" data-element_type=\"container\">\n\t\t\t\t<div class=\"elementor-element elementor-element-ab00384 elementor-widget elementor-widget-image\" data-id=\"ab00384\" data-element_type=\"widget\" data-widget_type=\"image.default\">\n\t\t\t\t<div class=\"elementor-widget-container\">\n\t\t\t\t\t\t\t\t\t\t\t\t\t\t\t<img loading=\"lazy\" decoding=\"async\" width=\"1138\" height=\"1154\" src=\"https:\/\/www.interfjord.dk\/wp-content\/uploads\/2025\/02\/B2_3.jpg\" class=\"attachment-full size-full wp-image-1296\" alt=\"\" srcset=\"https:\/\/www.interfjord.dk\/wp-content\/uploads\/2025\/02\/B2_3.jpg 1138w, https:\/\/www.interfjord.dk\/wp-content\/uploads\/2025\/02\/B2_3-296x300.jpg 296w, https:\/\/www.interfjord.dk\/wp-content\/uploads\/2025\/02\/B2_3-1010x1024.jpg 1010w, https:\/\/www.interfjord.dk\/wp-content\/uploads\/2025\/02\/B2_3-768x779.jpg 768w\" sizes=\"(max-width: 1138px) 100vw, 1138px\" \/>\t\t\t\t\t\t\t\t\t\t\t\t\t\t\t<\/div>\n\t\t\t\t<\/div>\n\t\t\t\t<\/div>\n\t\t<div class=\"elementor-element elementor-element-f46b1fe e-con-full e-flex e-con e-child\" data-id=\"f46b1fe\" data-element_type=\"container\">\n\t\t\t\t<div class=\"elementor-element elementor-element-4ec7542 elementor-widget elementor-widget-image\" data-id=\"4ec7542\" data-element_type=\"widget\" data-widget_type=\"image.default\">\n\t\t\t\t<div class=\"elementor-widget-container\">\n\t\t\t\t\t\t\t\t\t\t\t\t\t\t\t<img loading=\"lazy\" decoding=\"async\" width=\"1138\" height=\"1154\" src=\"https:\/\/www.interfjord.dk\/wp-content\/uploads\/2025\/02\/B2_4.jpg\" class=\"attachment-full size-full wp-image-1297\" alt=\"\" srcset=\"https:\/\/www.interfjord.dk\/wp-content\/uploads\/2025\/02\/B2_4.jpg 1138w, https:\/\/www.interfjord.dk\/wp-content\/uploads\/2025\/02\/B2_4-296x300.jpg 296w, https:\/\/www.interfjord.dk\/wp-content\/uploads\/2025\/02\/B2_4-1010x1024.jpg 1010w, https:\/\/www.interfjord.dk\/wp-content\/uploads\/2025\/02\/B2_4-768x779.jpg 768w\" sizes=\"(max-width: 1138px) 100vw, 1138px\" \/>\t\t\t\t\t\t\t\t\t\t\t\t\t\t\t<\/div>\n\t\t\t\t<\/div>\n\t\t\t\t<\/div>\n\t\t\t\t<\/div>\n\t\t\t\t<\/div>\n\t\t\t\t<\/div>\n\t\t\t\t\t\t<\/div>\n\t\t\t\t<\/div>\n\t\t\t\t<\/div>\n\t\t\t\t<\/div>\n\t\t","protected":false},"excerpt":{"rendered":"<p>INTERFJORD utf\u00f8rer alle opgaver i henhold til Nordisk Spedit\u00f8rforbunds alminnelige bestemmelser (NSAB 2015) og if\u00f8lge CMR-regler, som omhandler loven om fraktavtaler for internasjonal veitransport. NSAB 2015:Alle oppgaver utf\u00f8res i henhold til Nordisk Spedit\u00f8rforbund alminnelige bestemmelser (NSAB 2015). Bestemmelsene begrenser v\u00e5rt ansvar for tap, forringelse eller beskadigelse av gods til SDR 8,33 pr. kg og for [&hellip;]<\/p>\n","protected":false},"author":2,"featured_media":0,"parent":0,"menu_order":0,"comment_status":"closed","ping_status":"closed","template":"","meta":{"_acf_changed":false,"inline_featured_image":false,"footnotes":""},"class_list":["post-2971","page","type-page","status-publish","hentry"],"acf":[],"_links":{"self":[{"href":"https:\/\/www.interfjord.dk\/no\/wp-json\/wp\/v2\/pages\/2971","targetHints":{"allow":["GET"]}}],"collection":[{"href":"https:\/\/www.interfjord.dk\/no\/wp-json\/wp\/v2\/pages"}],"about":[{"href":"https:\/\/www.interfjord.dk\/no\/wp-json\/wp\/v2\/types\/page"}],"author":[{"embeddable":true,"href":"https:\/\/www.interfjord.dk\/no\/wp-json\/wp\/v2\/users\/2"}],"replies":[{"embeddable":true,"href":"https:\/\/www.interfjord.dk\/no\/wp-json\/wp\/v2\/comments?post=2971"}],"version-history":[{"count":5,"href":"https:\/\/www.interfjord.dk\/no\/wp-json\/wp\/v2\/pages\/2971\/revisions"}],"predecessor-version":[{"id":3778,"href":"https:\/\/www.interfjord.dk\/no\/wp-json\/wp\/v2\/pages\/2971\/revisions\/3778"}],"wp:attachment":[{"href":"https:\/\/www.interfjord.dk\/no\/wp-json\/wp\/v2\/media?parent=2971"}],"curies":[{"name":"wp","href":"https:\/\/api.w.org\/{rel}","templated":true}]}}