{"id":3039,"date":"2025-02-12T10:27:18","date_gmt":"2025-02-12T09:27:18","guid":{"rendered":"https:\/\/www.interfjord.dk\/news\/"},"modified":"2025-03-26T12:01:14","modified_gmt":"2025-03-26T11:01:14","slug":"news","status":"publish","type":"page","link":"https:\/\/www.interfjord.dk\/en\/news\/","title":{"rendered":"News"},"content":{"rendered":"\t\t<div data-elementor-type=\"wp-page\" data-elementor-id=\"3039\" class=\"elementor elementor-3039 elementor-196\" data-elementor-post-type=\"page\">\n\t\t\t\t<div class=\"elementor-element elementor-element-c2029da e-con-full e-flex e-con e-parent\" data-id=\"c2029da\" data-element_type=\"container\" data-settings=\"{&quot;background_background&quot;:&quot;classic&quot;}\">\n\t\t<div class=\"elementor-element elementor-element-1472d85 e-con-full e-flex e-con e-child\" data-id=\"1472d85\" data-element_type=\"container\">\n\t\t\t\t<\/div>\n\t\t\t\t<div class=\"elementor-element elementor-element-0803f06 elementor-widget__width-initial elementor-absolute elementor-widget elementor-widget-image\" data-id=\"0803f06\" data-element_type=\"widget\" data-settings=\"{&quot;_position&quot;:&quot;absolute&quot;}\" data-widget_type=\"image.default\">\n\t\t\t\t<div class=\"elementor-widget-container\">\n\t\t\t\t\t\t\t\t\t\t\t\t\t\t\t<img fetchpriority=\"high\" decoding=\"async\" width=\"2560\" height=\"640\" src=\"https:\/\/www.interfjord.dk\/wp-content\/uploads\/2025\/02\/Realistic-without-logo-copy.png\" class=\"attachment-full size-full wp-image-841\" alt=\"\" srcset=\"https:\/\/www.interfjord.dk\/wp-content\/uploads\/2025\/02\/Realistic-without-logo-copy.png 2560w, https:\/\/www.interfjord.dk\/wp-content\/uploads\/2025\/02\/Realistic-without-logo-copy-300x75.png 300w, https:\/\/www.interfjord.dk\/wp-content\/uploads\/2025\/02\/Realistic-without-logo-copy-1024x256.png 1024w, https:\/\/www.interfjord.dk\/wp-content\/uploads\/2025\/02\/Realistic-without-logo-copy-768x192.png 768w, https:\/\/www.interfjord.dk\/wp-content\/uploads\/2025\/02\/Realistic-without-logo-copy-1536x384.png 1536w, https:\/\/www.interfjord.dk\/wp-content\/uploads\/2025\/02\/Realistic-without-logo-copy-2048x512.png 2048w\" sizes=\"(max-width: 2560px) 100vw, 2560px\" \/>\t\t\t\t\t\t\t\t\t\t\t\t\t\t\t<\/div>\n\t\t\t\t<\/div>\n\t\t\t\t<\/div>\n\t\t<div class=\"elementor-element elementor-element-92cc58c e-con-full e-flex e-con e-parent\" data-id=\"92cc58c\" data-element_type=\"container\">\n\t\t<div class=\"elementor-element elementor-element-4be4db3 e-con-full e-flex e-con e-child\" data-id=\"4be4db3\" data-element_type=\"container\" data-settings=\"{&quot;background_background&quot;:&quot;classic&quot;}\">\n\t\t\t\t<div class=\"elementor-element elementor-element-0ed0a73 elementor-grid-1 elementor-posts--thumbnail-top elementor-grid-tablet-2 elementor-grid-mobile-1 elementor-widget elementor-widget-posts\" data-id=\"0ed0a73\" data-element_type=\"widget\" data-settings=\"{&quot;custom_columns&quot;:&quot;1&quot;,&quot;custom_row_gap&quot;:{&quot;unit&quot;:&quot;px&quot;,&quot;size&quot;:&quot;&quot;,&quot;sizes&quot;:[]},&quot;custom_columns_tablet&quot;:&quot;2&quot;,&quot;custom_columns_mobile&quot;:&quot;1&quot;,&quot;custom_row_gap_laptop&quot;:{&quot;unit&quot;:&quot;px&quot;,&quot;size&quot;:&quot;&quot;,&quot;sizes&quot;:[]},&quot;custom_row_gap_tablet&quot;:{&quot;unit&quot;:&quot;px&quot;,&quot;size&quot;:&quot;&quot;,&quot;sizes&quot;:[]},&quot;custom_row_gap_mobile&quot;:{&quot;unit&quot;:&quot;px&quot;,&quot;size&quot;:&quot;&quot;,&quot;sizes&quot;:[]}}\" data-widget_type=\"posts.custom\">\n\t\t\t\t<div class=\"elementor-widget-container\">\n\t\t\t\t\t      <div class=\"ecs-posts elementor-posts-container elementor-posts   elementor-grid elementor-posts--skin-custom\" data-settings=\"{&quot;current_page&quot;:1,&quot;max_num_pages&quot;:1,&quot;load_method&quot;:&quot;&quot;,&quot;widget_id&quot;:&quot;0ed0a73&quot;,&quot;post_id&quot;:3039,&quot;theme_id&quot;:3039,&quot;change_url&quot;:false,&quot;reinit_js&quot;:false}\">\n      \t\t<article id=\"post-3117\" class=\"elementor-post elementor-grid-item ecs-post-loop post-3117 post type-post status-publish format-standard hentry category-uncategorized\">\n\t\t\t\t<div data-elementor-type=\"loop\" data-elementor-id=\"1209\" class=\"elementor elementor-1209 post-3117 post type-post status-publish format-standard hentry category-uncategorized\" data-elementor-post-type=\"elementor_library\">\n\t\t\t<div class=\"elementor-element elementor-element-68d0c82 e-con-full e-flex e-con e-parent\" data-id=\"68d0c82\" data-element_type=\"container\">\n\t\t<a class=\"elementor-element elementor-element-3a57ca7 e-con-full animated-slow e-flex elementor-invisible e-con e-child\" data-id=\"3a57ca7\" data-element_type=\"container\" data-settings=\"{&quot;animation&quot;:&quot;fadeInUp&quot;}\" href=\"https:\/\/www.interfjord.dk\/en\/faf\/\">\n\t\t\t\t<div class=\"elementor-element elementor-element-fb1a19a elementor-widget elementor-widget-shortcode\" data-id=\"fb1a19a\" data-element_type=\"widget\" data-widget_type=\"shortcode.default\">\n\t\t\t\t<div class=\"elementor-widget-container\">\n\t\t\t\t\t\t\t<div class=\"elementor-shortcode\"><div class=\"indikator hidden-indicator\"><\/div><\/div>\n\t\t\t\t\t\t<\/div>\n\t\t\t\t<\/div>\n\t\t\t\t<div class=\"elementor-element elementor-element-87914e4 elementor-widget elementor-widget-post-info\" data-id=\"87914e4\" data-element_type=\"widget\" data-widget_type=\"post-info.default\">\n\t\t\t\t<div class=\"elementor-widget-container\">\n\t\t\t\t\t\t\t<ul class=\"elementor-inline-items elementor-icon-list-items elementor-post-info\">\n\t\t\t\t\t\t\t\t<li class=\"elementor-icon-list-item elementor-repeater-item-62c083c elementor-inline-item\" itemprop=\"datePublished\">\n\t\t\t\t\t\t\t\t\t\t\t\t\t<span class=\"elementor-icon-list-text elementor-post-info__item elementor-post-info__item--type-date\">\n\t\t\t\t\t\t\t\t\t\t<time>14 February, 2025<\/time>\t\t\t\t\t<\/span>\n\t\t\t\t\t\t\t\t<\/li>\n\t\t\t\t<\/ul>\n\t\t\t\t\t\t<\/div>\n\t\t\t\t<\/div>\n\t\t\t\t<div class=\"elementor-element elementor-element-6be4024 elementor-widget elementor-widget-heading\" data-id=\"6be4024\" data-element_type=\"widget\" data-widget_type=\"heading.default\">\n\t\t\t\t<div class=\"elementor-widget-container\">\n\t\t\t\t\t<span class=\"elementor-heading-title elementor-size-default\">FAF<\/span>\t\t\t\t<\/div>\n\t\t\t\t<\/div>\n\t\t\t\t<\/a>\n\t\t\t\t<\/div>\n\t\t\t\t<\/div>\n\t\t\t\t<\/article>\n\t\t\t\t<article id=\"post-3120\" class=\"elementor-post elementor-grid-item ecs-post-loop post-3120 post type-post status-publish format-standard hentry category-uncategorized\">\n\t\t\t\t<div data-elementor-type=\"loop\" data-elementor-id=\"1209\" class=\"elementor elementor-1209 post-3120 post type-post status-publish format-standard hentry category-uncategorized\" data-elementor-post-type=\"elementor_library\">\n\t\t\t<div class=\"elementor-element elementor-element-68d0c82 e-con-full e-flex e-con e-parent\" data-id=\"68d0c82\" data-element_type=\"container\">\n\t\t<a class=\"elementor-element elementor-element-3a57ca7 e-con-full animated-slow e-flex elementor-invisible e-con e-child\" data-id=\"3a57ca7\" data-element_type=\"container\" data-settings=\"{&quot;animation&quot;:&quot;fadeInUp&quot;}\" href=\"https:\/\/www.interfjord.dk\/en\/shipments-to-the-usa-new-requirements-for-product-descriptions-on-invoices\/\">\n\t\t\t\t<div class=\"elementor-element elementor-element-fb1a19a elementor-widget elementor-widget-shortcode\" data-id=\"fb1a19a\" data-element_type=\"widget\" data-widget_type=\"shortcode.default\">\n\t\t\t\t<div class=\"elementor-widget-container\">\n\t\t\t\t\t\t\t<div class=\"elementor-shortcode\"><div class=\"indikator hidden-indicator\"><\/div><\/div>\n\t\t\t\t\t\t<\/div>\n\t\t\t\t<\/div>\n\t\t\t\t<div class=\"elementor-element elementor-element-87914e4 elementor-widget elementor-widget-post-info\" data-id=\"87914e4\" data-element_type=\"widget\" data-widget_type=\"post-info.default\">\n\t\t\t\t<div class=\"elementor-widget-container\">\n\t\t\t\t\t\t\t<ul class=\"elementor-inline-items elementor-icon-list-items elementor-post-info\">\n\t\t\t\t\t\t\t\t<li class=\"elementor-icon-list-item elementor-repeater-item-62c083c elementor-inline-item\" itemprop=\"datePublished\">\n\t\t\t\t\t\t\t\t\t\t\t\t\t<span class=\"elementor-icon-list-text elementor-post-info__item elementor-post-info__item--type-date\">\n\t\t\t\t\t\t\t\t\t\t<time>11 November, 2024<\/time>\t\t\t\t\t<\/span>\n\t\t\t\t\t\t\t\t<\/li>\n\t\t\t\t<\/ul>\n\t\t\t\t\t\t<\/div>\n\t\t\t\t<\/div>\n\t\t\t\t<div class=\"elementor-element elementor-element-6be4024 elementor-widget elementor-widget-heading\" data-id=\"6be4024\" data-element_type=\"widget\" data-widget_type=\"heading.default\">\n\t\t\t\t<div class=\"elementor-widget-container\">\n\t\t\t\t\t<span class=\"elementor-heading-title elementor-size-default\">Shipments to the USA \u2013 new requirements for product descriptions on invoices.<\/span>\t\t\t\t<\/div>\n\t\t\t\t<\/div>\n\t\t\t\t<\/a>\n\t\t\t\t<\/div>\n\t\t\t\t<\/div>\n\t\t\t\t<\/article>\n\t\t\t\t<article id=\"post-3121\" class=\"elementor-post elementor-grid-item ecs-post-loop post-3121 post type-post status-publish format-standard hentry category-uncategorized\">\n\t\t\t\t<div data-elementor-type=\"loop\" data-elementor-id=\"1209\" class=\"elementor elementor-1209 post-3121 post type-post status-publish format-standard hentry category-uncategorized\" data-elementor-post-type=\"elementor_library\">\n\t\t\t<div class=\"elementor-element elementor-element-68d0c82 e-con-full e-flex e-con e-parent\" data-id=\"68d0c82\" data-element_type=\"container\">\n\t\t<a class=\"elementor-element elementor-element-3a57ca7 e-con-full animated-slow e-flex elementor-invisible e-con e-child\" data-id=\"3a57ca7\" data-element_type=\"container\" data-settings=\"{&quot;animation&quot;:&quot;fadeInUp&quot;}\" href=\"https:\/\/www.interfjord.dk\/en\/kilometer-based-and-co2-differentiated-road-tolls-for-trucks\/\">\n\t\t\t\t<div class=\"elementor-element elementor-element-fb1a19a elementor-widget elementor-widget-shortcode\" data-id=\"fb1a19a\" data-element_type=\"widget\" data-widget_type=\"shortcode.default\">\n\t\t\t\t<div class=\"elementor-widget-container\">\n\t\t\t\t\t\t\t<div class=\"elementor-shortcode\"><div class=\"indikator hidden-indicator\"><\/div><\/div>\n\t\t\t\t\t\t<\/div>\n\t\t\t\t<\/div>\n\t\t\t\t<div class=\"elementor-element elementor-element-87914e4 elementor-widget elementor-widget-post-info\" data-id=\"87914e4\" data-element_type=\"widget\" data-widget_type=\"post-info.default\">\n\t\t\t\t<div class=\"elementor-widget-container\">\n\t\t\t\t\t\t\t<ul class=\"elementor-inline-items elementor-icon-list-items elementor-post-info\">\n\t\t\t\t\t\t\t\t<li class=\"elementor-icon-list-item elementor-repeater-item-62c083c elementor-inline-item\" itemprop=\"datePublished\">\n\t\t\t\t\t\t\t\t\t\t\t\t\t<span class=\"elementor-icon-list-text elementor-post-info__item elementor-post-info__item--type-date\">\n\t\t\t\t\t\t\t\t\t\t<time>25 October, 2024<\/time>\t\t\t\t\t<\/span>\n\t\t\t\t\t\t\t\t<\/li>\n\t\t\t\t<\/ul>\n\t\t\t\t\t\t<\/div>\n\t\t\t\t<\/div>\n\t\t\t\t<div class=\"elementor-element elementor-element-6be4024 elementor-widget elementor-widget-heading\" data-id=\"6be4024\" data-element_type=\"widget\" data-widget_type=\"heading.default\">\n\t\t\t\t<div class=\"elementor-widget-container\">\n\t\t\t\t\t<span class=\"elementor-heading-title elementor-size-default\">Kilometer-based and CO2-differentiated road tolls for trucks.<\/span>\t\t\t\t<\/div>\n\t\t\t\t<\/div>\n\t\t\t\t<\/a>\n\t\t\t\t<\/div>\n\t\t\t\t<\/div>\n\t\t\t\t<\/article>\n\t\t\t\t<article id=\"post-3122\" class=\"elementor-post elementor-grid-item ecs-post-loop post-3122 post type-post status-publish format-standard hentry category-uncategorized\">\n\t\t\t\t<div data-elementor-type=\"loop\" data-elementor-id=\"1209\" class=\"elementor elementor-1209 post-3122 post type-post status-publish format-standard hentry category-uncategorized\" data-elementor-post-type=\"elementor_library\">\n\t\t\t<div class=\"elementor-element elementor-element-68d0c82 e-con-full e-flex e-con e-parent\" data-id=\"68d0c82\" data-element_type=\"container\">\n\t\t<a class=\"elementor-element elementor-element-3a57ca7 e-con-full animated-slow e-flex elementor-invisible e-con e-child\" data-id=\"3a57ca7\" data-element_type=\"container\" data-settings=\"{&quot;animation&quot;:&quot;fadeInUp&quot;}\" href=\"https:\/\/www.interfjord.dk\/en\/deadlines-christmas-and-new-year-2024\/\">\n\t\t\t\t<div class=\"elementor-element elementor-element-fb1a19a elementor-widget elementor-widget-shortcode\" data-id=\"fb1a19a\" data-element_type=\"widget\" data-widget_type=\"shortcode.default\">\n\t\t\t\t<div class=\"elementor-widget-container\">\n\t\t\t\t\t\t\t<div class=\"elementor-shortcode\"><div class=\"indikator hidden-indicator\"><\/div><\/div>\n\t\t\t\t\t\t<\/div>\n\t\t\t\t<\/div>\n\t\t\t\t<div class=\"elementor-element elementor-element-87914e4 elementor-widget elementor-widget-post-info\" data-id=\"87914e4\" data-element_type=\"widget\" data-widget_type=\"post-info.default\">\n\t\t\t\t<div class=\"elementor-widget-container\">\n\t\t\t\t\t\t\t<ul class=\"elementor-inline-items elementor-icon-list-items elementor-post-info\">\n\t\t\t\t\t\t\t\t<li class=\"elementor-icon-list-item elementor-repeater-item-62c083c elementor-inline-item\" itemprop=\"datePublished\">\n\t\t\t\t\t\t\t\t\t\t\t\t\t<span class=\"elementor-icon-list-text elementor-post-info__item elementor-post-info__item--type-date\">\n\t\t\t\t\t\t\t\t\t\t<time>14 October, 2024<\/time>\t\t\t\t\t<\/span>\n\t\t\t\t\t\t\t\t<\/li>\n\t\t\t\t<\/ul>\n\t\t\t\t\t\t<\/div>\n\t\t\t\t<\/div>\n\t\t\t\t<div class=\"elementor-element elementor-element-6be4024 elementor-widget elementor-widget-heading\" data-id=\"6be4024\" data-element_type=\"widget\" data-widget_type=\"heading.default\">\n\t\t\t\t<div class=\"elementor-widget-container\">\n\t\t\t\t\t<span class=\"elementor-heading-title elementor-size-default\">Deadlines Christmas and New Year 2024<\/span>\t\t\t\t<\/div>\n\t\t\t\t<\/div>\n\t\t\t\t<\/a>\n\t\t\t\t<\/div>\n\t\t\t\t<\/div>\n\t\t\t\t<\/article>\n\t\t\t\t<article id=\"post-3126\" class=\"elementor-post elementor-grid-item ecs-post-loop post-3126 post type-post status-publish format-standard hentry category-uncategorized\">\n\t\t\t\t<div data-elementor-type=\"loop\" data-elementor-id=\"1209\" class=\"elementor elementor-1209 post-3126 post type-post status-publish format-standard hentry category-uncategorized\" data-elementor-post-type=\"elementor_library\">\n\t\t\t<div class=\"elementor-element elementor-element-68d0c82 e-con-full e-flex e-con e-parent\" data-id=\"68d0c82\" data-element_type=\"container\">\n\t\t<a class=\"elementor-element elementor-element-3a57ca7 e-con-full animated-slow e-flex elementor-invisible e-con e-child\" data-id=\"3a57ca7\" data-element_type=\"container\" data-settings=\"{&quot;animation&quot;:&quot;fadeInUp&quot;}\" href=\"https:\/\/www.interfjord.dk\/en\/capacity-surcharge-on-express-and-economy-shipments\/\">\n\t\t\t\t<div class=\"elementor-element elementor-element-fb1a19a elementor-widget elementor-widget-shortcode\" data-id=\"fb1a19a\" data-element_type=\"widget\" data-widget_type=\"shortcode.default\">\n\t\t\t\t<div class=\"elementor-widget-container\">\n\t\t\t\t\t\t\t<div class=\"elementor-shortcode\"><div class=\"indikator hidden-indicator\"><\/div><\/div>\n\t\t\t\t\t\t<\/div>\n\t\t\t\t<\/div>\n\t\t\t\t<div class=\"elementor-element elementor-element-87914e4 elementor-widget elementor-widget-post-info\" data-id=\"87914e4\" data-element_type=\"widget\" data-widget_type=\"post-info.default\">\n\t\t\t\t<div class=\"elementor-widget-container\">\n\t\t\t\t\t\t\t<ul class=\"elementor-inline-items elementor-icon-list-items elementor-post-info\">\n\t\t\t\t\t\t\t\t<li class=\"elementor-icon-list-item elementor-repeater-item-62c083c elementor-inline-item\" itemprop=\"datePublished\">\n\t\t\t\t\t\t\t\t\t\t\t\t\t<span class=\"elementor-icon-list-text elementor-post-info__item elementor-post-info__item--type-date\">\n\t\t\t\t\t\t\t\t\t\t<time>12 September, 2024<\/time>\t\t\t\t\t<\/span>\n\t\t\t\t\t\t\t\t<\/li>\n\t\t\t\t<\/ul>\n\t\t\t\t\t\t<\/div>\n\t\t\t\t<\/div>\n\t\t\t\t<div class=\"elementor-element elementor-element-6be4024 elementor-widget elementor-widget-heading\" data-id=\"6be4024\" data-element_type=\"widget\" data-widget_type=\"heading.default\">\n\t\t\t\t<div class=\"elementor-widget-container\">\n\t\t\t\t\t<span class=\"elementor-heading-title elementor-size-default\">Capacity surcharge on Express and Economy shipments.<\/span>\t\t\t\t<\/div>\n\t\t\t\t<\/div>\n\t\t\t\t<\/a>\n\t\t\t\t<\/div>\n\t\t\t\t<\/div>\n\t\t\t\t<\/article>\n\t\t\t\t<article id=\"post-3137\" class=\"elementor-post elementor-grid-item ecs-post-loop post-3137 post type-post status-publish format-standard hentry category-uncategorized\">\n\t\t\t\t<div data-elementor-type=\"loop\" data-elementor-id=\"1209\" class=\"elementor elementor-1209 post-3137 post type-post status-publish format-standard hentry category-uncategorized\" data-elementor-post-type=\"elementor_library\">\n\t\t\t<div class=\"elementor-element elementor-element-68d0c82 e-con-full e-flex e-con e-parent\" data-id=\"68d0c82\" data-element_type=\"container\">\n\t\t<a class=\"elementor-element elementor-element-3a57ca7 e-con-full animated-slow e-flex elementor-invisible e-con e-child\" data-id=\"3a57ca7\" data-element_type=\"container\" data-settings=\"{&quot;animation&quot;:&quot;fadeInUp&quot;}\" href=\"https:\/\/www.interfjord.dk\/en\/requirement-for-uit-code-on-all-goods-to-from-romania\/\">\n\t\t\t\t<div class=\"elementor-element elementor-element-fb1a19a elementor-widget elementor-widget-shortcode\" data-id=\"fb1a19a\" data-element_type=\"widget\" data-widget_type=\"shortcode.default\">\n\t\t\t\t<div class=\"elementor-widget-container\">\n\t\t\t\t\t\t\t<div class=\"elementor-shortcode\"><div class=\"indikator hidden-indicator\"><\/div><\/div>\n\t\t\t\t\t\t<\/div>\n\t\t\t\t<\/div>\n\t\t\t\t<div class=\"elementor-element elementor-element-87914e4 elementor-widget elementor-widget-post-info\" data-id=\"87914e4\" data-element_type=\"widget\" data-widget_type=\"post-info.default\">\n\t\t\t\t<div class=\"elementor-widget-container\">\n\t\t\t\t\t\t\t<ul class=\"elementor-inline-items elementor-icon-list-items elementor-post-info\">\n\t\t\t\t\t\t\t\t<li class=\"elementor-icon-list-item elementor-repeater-item-62c083c elementor-inline-item\" itemprop=\"datePublished\">\n\t\t\t\t\t\t\t\t\t\t\t\t\t<span class=\"elementor-icon-list-text elementor-post-info__item elementor-post-info__item--type-date\">\n\t\t\t\t\t\t\t\t\t\t<time>14 August, 2024<\/time>\t\t\t\t\t<\/span>\n\t\t\t\t\t\t\t\t<\/li>\n\t\t\t\t<\/ul>\n\t\t\t\t\t\t<\/div>\n\t\t\t\t<\/div>\n\t\t\t\t<div class=\"elementor-element elementor-element-6be4024 elementor-widget elementor-widget-heading\" data-id=\"6be4024\" data-element_type=\"widget\" data-widget_type=\"heading.default\">\n\t\t\t\t<div class=\"elementor-widget-container\">\n\t\t\t\t\t<span class=\"elementor-heading-title elementor-size-default\">Requirement for UIT code on all goods to\/from Romania.<\/span>\t\t\t\t<\/div>\n\t\t\t\t<\/div>\n\t\t\t\t<\/a>\n\t\t\t\t<\/div>\n\t\t\t\t<\/div>\n\t\t\t\t<\/article>\n\t\t\t\t<article id=\"post-3138\" class=\"elementor-post elementor-grid-item ecs-post-loop post-3138 post type-post status-publish format-standard hentry category-uncategorized\">\n\t\t\t\t<div data-elementor-type=\"loop\" data-elementor-id=\"1209\" class=\"elementor elementor-1209 post-3138 post type-post status-publish format-standard hentry category-uncategorized\" data-elementor-post-type=\"elementor_library\">\n\t\t\t<div class=\"elementor-element elementor-element-68d0c82 e-con-full e-flex e-con e-parent\" data-id=\"68d0c82\" data-element_type=\"container\">\n\t\t<a class=\"elementor-element elementor-element-3a57ca7 e-con-full animated-slow e-flex elementor-invisible e-con e-child\" data-id=\"3a57ca7\" data-element_type=\"container\" data-settings=\"{&quot;animation&quot;:&quot;fadeInUp&quot;}\" href=\"https:\/\/www.interfjord.dk\/en\/strike-in-germany\/\">\n\t\t\t\t<div class=\"elementor-element elementor-element-fb1a19a elementor-widget elementor-widget-shortcode\" data-id=\"fb1a19a\" data-element_type=\"widget\" data-widget_type=\"shortcode.default\">\n\t\t\t\t<div class=\"elementor-widget-container\">\n\t\t\t\t\t\t\t<div class=\"elementor-shortcode\"><div class=\"indikator hidden-indicator\"><\/div><\/div>\n\t\t\t\t\t\t<\/div>\n\t\t\t\t<\/div>\n\t\t\t\t<div class=\"elementor-element elementor-element-87914e4 elementor-widget elementor-widget-post-info\" data-id=\"87914e4\" data-element_type=\"widget\" data-widget_type=\"post-info.default\">\n\t\t\t\t<div class=\"elementor-widget-container\">\n\t\t\t\t\t\t\t<ul class=\"elementor-inline-items elementor-icon-list-items elementor-post-info\">\n\t\t\t\t\t\t\t\t<li class=\"elementor-icon-list-item elementor-repeater-item-62c083c elementor-inline-item\" itemprop=\"datePublished\">\n\t\t\t\t\t\t\t\t\t\t\t\t\t<span class=\"elementor-icon-list-text elementor-post-info__item elementor-post-info__item--type-date\">\n\t\t\t\t\t\t\t\t\t\t<time>8 January, 2024<\/time>\t\t\t\t\t<\/span>\n\t\t\t\t\t\t\t\t<\/li>\n\t\t\t\t<\/ul>\n\t\t\t\t\t\t<\/div>\n\t\t\t\t<\/div>\n\t\t\t\t<div class=\"elementor-element elementor-element-6be4024 elementor-widget elementor-widget-heading\" data-id=\"6be4024\" data-element_type=\"widget\" data-widget_type=\"heading.default\">\n\t\t\t\t<div class=\"elementor-widget-container\">\n\t\t\t\t\t<span class=\"elementor-heading-title elementor-size-default\">Strike in Germany.<\/span>\t\t\t\t<\/div>\n\t\t\t\t<\/div>\n\t\t\t\t<\/a>\n\t\t\t\t<\/div>\n\t\t\t\t<\/div>\n\t\t\t\t<\/article>\n\t\t\t\t<\/div>\n\t\t\t\t\t\t<\/div>\n\t\t\t\t<\/div>\n\t\t\t\t<\/div>\n\t\t<div class=\"elementor-element elementor-element-49fd198 e-con-full e-flex e-con e-child\" data-id=\"49fd198\" data-element_type=\"container\">\n\t\t\t\t<div class=\"elementor-element elementor-element-9563ca8 elementor-widget elementor-widget-text-editor\" data-id=\"9563ca8\" data-element_type=\"widget\" data-widget_type=\"text-editor.default\">\n\t\t\t\t<div class=\"elementor-widget-container\">\n\t\t\t\t\t\t\t\t\t<p>Grundet udsigten til en periode med h\u00f8j eftersp\u00f8rgsel p\u00e5 fly- og landevejstransport har INTERFJORD\u2019s leverand\u00f8rer besluttet at indf\u00f8re et kapacitetstill\u00e6g g\u00e6ldende pr. 15. september 2024 p\u00e5 alle Express og Economy forsendelser<\/p><p>Kapacitetstill\u00e6gget beregnes i danske kroner pr. faktureret v\u00e6gt og er baseret p\u00e5 forsendelsens oprindelse og destination.<\/p><p>Skulle der komme \u00e6ndringer i gebyret vil du informeres via vores hjemmeside.<\/p><p> <\/p><p>Du er velkommen til at kontakte din normale kontaktperson hvis ovenst\u00e5ende giver anledning til sp\u00f8rgsm\u00e5l.<\/p><p> <\/p><p>INTERFJORD A\/S<\/p>\t\t\t\t\t\t\t\t<\/div>\n\t\t\t\t<\/div>\n\t\t\t\t<\/div>\n\t\t\t\t<\/div>\n\t\t\t\t<\/div>\n\t\t","protected":false},"excerpt":{"rendered":"<p>Grundet udsigten til en periode med h\u00f8j eftersp\u00f8rgsel p\u00e5 fly- og landevejstransport har INTERFJORD\u2019s leverand\u00f8rer besluttet at indf\u00f8re et kapacitetstill\u00e6g g\u00e6ldende pr. 15. september 2024 p\u00e5 alle Express og Economy forsendelser Kapacitetstill\u00e6gget beregnes i danske kroner pr. faktureret v\u00e6gt og er baseret p\u00e5 forsendelsens oprindelse og destination. Skulle der komme \u00e6ndringer i gebyret vil du [&hellip;]<\/p>\n","protected":false},"author":2,"featured_media":0,"parent":0,"menu_order":0,"comment_status":"closed","ping_status":"closed","template":"","meta":{"_acf_changed":false,"inline_featured_image":false,"footnotes":""},"class_list":["post-3039","page","type-page","status-publish","hentry"],"acf":[],"_links":{"self":[{"href":"https:\/\/www.interfjord.dk\/en\/wp-json\/wp\/v2\/pages\/3039","targetHints":{"allow":["GET"]}}],"collection":[{"href":"https:\/\/www.interfjord.dk\/en\/wp-json\/wp\/v2\/pages"}],"about":[{"href":"https:\/\/www.interfjord.dk\/en\/wp-json\/wp\/v2\/types\/page"}],"author":[{"embeddable":true,"href":"https:\/\/www.interfjord.dk\/en\/wp-json\/wp\/v2\/users\/2"}],"replies":[{"embeddable":true,"href":"https:\/\/www.interfjord.dk\/en\/wp-json\/wp\/v2\/comments?post=3039"}],"version-history":[{"count":1,"href":"https:\/\/www.interfjord.dk\/en\/wp-json\/wp\/v2\/pages\/3039\/revisions"}],"predecessor-version":[{"id":3040,"href":"https:\/\/www.interfjord.dk\/en\/wp-json\/wp\/v2\/pages\/3039\/revisions\/3040"}],"wp:attachment":[{"href":"https:\/\/www.interfjord.dk\/en\/wp-json\/wp\/v2\/media?parent=3039"}],"curies":[{"name":"wp","href":"https:\/\/api.w.org\/{rel}","templated":true}]}}