{"id":2929,"date":"2025-03-10T13:10:24","date_gmt":"2025-03-10T12:10:24","guid":{"rendered":"https:\/\/www.interfjord.dk\/kontakt\/ats-cargo\/"},"modified":"2025-04-11T14:31:27","modified_gmt":"2025-04-11T12:31:27","slug":"ats-cargo","status":"publish","type":"page","link":"https:\/\/www.interfjord.dk\/de\/kontakt\/ats-cargo\/","title":{"rendered":"ATS Cargo"},"content":{"rendered":"\t\t<div data-elementor-type=\"wp-page\" data-elementor-id=\"2929\" class=\"elementor elementor-2929 elementor-1584\" data-elementor-post-type=\"page\">\n\t\t\t\t<div class=\"elementor-element elementor-element-6586e7a e-con-full e-flex e-con e-parent\" data-id=\"6586e7a\" data-element_type=\"container\">\n\t\t\t\t<div class=\"elementor-element elementor-element-7fdf045 elementor-widget elementor-widget-template\" data-id=\"7fdf045\" data-element_type=\"widget\" data-widget_type=\"template.default\">\n\t\t\t\t<div class=\"elementor-widget-container\">\n\t\t\t\t\t\t\t<div class=\"elementor-template\">\n\t\t\t\t\t<div data-elementor-type=\"page\" data-elementor-id=\"1596\" class=\"elementor elementor-1596\" data-elementor-post-type=\"elementor_library\">\n\t\t\t\t<div class=\"elementor-element elementor-element-e91c00d e-con-full e-flex e-con e-parent\" data-id=\"e91c00d\" data-element_type=\"container\" data-settings=\"{&quot;background_background&quot;:&quot;classic&quot;}\">\n\t\t<div class=\"elementor-element elementor-element-0f7eea0 e-con-full e-flex e-con e-child\" data-id=\"0f7eea0\" data-element_type=\"container\">\n\t\t\t\t<div class=\"elementor-element elementor-element-935a3ae elementor-invisible elementor-widget elementor-widget-heading\" data-id=\"935a3ae\" data-element_type=\"widget\" data-settings=\"{&quot;_animation&quot;:&quot;fadeInUp&quot;}\" data-widget_type=\"heading.default\">\n\t\t\t\t<div class=\"elementor-widget-container\">\n\t\t\t\t\t<span class=\"elementor-heading-title elementor-size-default\">Kontakt<\/span>\t\t\t\t<\/div>\n\t\t\t\t<\/div>\n\t\t\t\t<\/div>\n\t\t\t\t<div class=\"elementor-element elementor-element-b5cfda8 elementor-widget__width-initial elementor-absolute elementor-widget elementor-widget-image\" data-id=\"b5cfda8\" data-element_type=\"widget\" data-settings=\"{&quot;_position&quot;:&quot;absolute&quot;}\" data-widget_type=\"image.default\">\n\t\t\t\t<div class=\"elementor-widget-container\">\n\t\t\t\t\t\t\t\t\t\t\t\t\t\t\t<img fetchpriority=\"high\" decoding=\"async\" width=\"2560\" height=\"640\" src=\"https:\/\/www.interfjord.dk\/wp-content\/uploads\/2025\/02\/Realistic-without-logo-copy.png\" class=\"attachment-full size-full wp-image-841\" alt=\"\" srcset=\"https:\/\/www.interfjord.dk\/wp-content\/uploads\/2025\/02\/Realistic-without-logo-copy.png 2560w, https:\/\/www.interfjord.dk\/wp-content\/uploads\/2025\/02\/Realistic-without-logo-copy-300x75.png 300w, https:\/\/www.interfjord.dk\/wp-content\/uploads\/2025\/02\/Realistic-without-logo-copy-1024x256.png 1024w, https:\/\/www.interfjord.dk\/wp-content\/uploads\/2025\/02\/Realistic-without-logo-copy-768x192.png 768w, https:\/\/www.interfjord.dk\/wp-content\/uploads\/2025\/02\/Realistic-without-logo-copy-1536x384.png 1536w, https:\/\/www.interfjord.dk\/wp-content\/uploads\/2025\/02\/Realistic-without-logo-copy-2048x512.png 2048w\" sizes=\"(max-width: 2560px) 100vw, 2560px\" \/>\t\t\t\t\t\t\t\t\t\t\t\t\t\t\t<\/div>\n\t\t\t\t<\/div>\n\t\t\t\t<\/div>\n\t\t\t\t<\/div>\n\t\t\t\t<\/div>\n\t\t\t\t\t\t<\/div>\n\t\t\t\t<\/div>\n\t\t\t\t<\/div>\n\t\t<div class=\"elementor-element elementor-element-149654a e-con-full e-flex e-con e-parent\" data-id=\"149654a\" data-element_type=\"container\">\n\t\t<div class=\"elementor-element elementor-element-7a3061d e-con-full e-flex e-con e-child\" data-id=\"7a3061d\" data-element_type=\"container\" data-settings=\"{&quot;background_background&quot;:&quot;classic&quot;}\">\n\t\t<div class=\"elementor-element elementor-element-6e5ef5f e-con-full e-flex e-con e-child\" data-id=\"6e5ef5f\" data-element_type=\"container\" data-settings=\"{&quot;sticky&quot;:&quot;top&quot;,&quot;sticky_offset&quot;:185,&quot;sticky_effects_offset&quot;:80,&quot;sticky_parent&quot;:&quot;yes&quot;,&quot;sticky_on&quot;:[&quot;desktop&quot;,&quot;laptop&quot;],&quot;sticky_anchor_link_offset&quot;:0}\">\n\t\t\t\t<div class=\"elementor-element elementor-element-b0cfb14 elementor-nav-menu__align-end elementor-nav-menu--stretch elementor-nav-menu--dropdown-tablet elementor-nav-menu__text-align-aside elementor-nav-menu--toggle elementor-nav-menu--burger elementor-widget elementor-widget-nav-menu\" data-id=\"b0cfb14\" data-element_type=\"widget\" data-settings=\"{&quot;layout&quot;:&quot;vertical&quot;,&quot;full_width&quot;:&quot;stretch&quot;,&quot;submenu_icon&quot;:{&quot;value&quot;:&quot;&lt;svg aria-hidden=\\&quot;true\\&quot; class=\\&quot;e-font-icon-svg e-fas-caret-down\\&quot; viewBox=\\&quot;0 0 320 512\\&quot; xmlns=\\&quot;http:\\\/\\\/www.w3.org\\\/2000\\\/svg\\&quot;&gt;&lt;path d=\\&quot;M31.3 192h257.3c17.8 0 26.7 21.5 14.1 34.1L174.1 354.8c-7.8 7.8-20.5 7.8-28.3 0L17.2 226.1C4.6 213.5 13.5 192 31.3 192z\\&quot;&gt;&lt;\\\/path&gt;&lt;\\\/svg&gt;&quot;,&quot;library&quot;:&quot;fa-solid&quot;},&quot;toggle&quot;:&quot;burger&quot;}\" data-widget_type=\"nav-menu.default\">\n\t\t\t\t<div class=\"elementor-widget-container\">\n\t\t\t\t\t\t\t\t<nav aria-label=\"Menu\" class=\"elementor-nav-menu--main elementor-nav-menu__container elementor-nav-menu--layout-vertical e--pointer-overline e--animation-fade\">\n\t\t\t\t<ul id=\"menu-1-b0cfb14\" class=\"elementor-nav-menu sm-vertical\"><li class=\"menu-item menu-item-type-post_type menu-item-object-page menu-item-2203\"><a href=\"https:\/\/www.interfjord.dk\/kontakt\/glyngoere\/\" class=\"elementor-item\">Glyng\u00f8re<\/a><\/li>\n<li class=\"menu-item menu-item-type-post_type menu-item-object-page menu-item-2202\"><a href=\"https:\/\/www.interfjord.dk\/kontakt\/frederikshavn\/\" class=\"elementor-item\">Frederikshavn<\/a><\/li>\n<li class=\"menu-item menu-item-type-post_type menu-item-object-page menu-item-2206\"><a href=\"https:\/\/www.interfjord.dk\/kontakt\/koebenhavn\/\" class=\"elementor-item\">Kopenhagen<\/a><\/li>\n<li class=\"menu-item menu-item-type-post_type menu-item-object-page menu-item-2207\"><a href=\"https:\/\/www.interfjord.dk\/kontakt\/norge\/\" class=\"elementor-item\">NORWEGEN<\/a><\/li>\n<li class=\"menu-item menu-item-type-post_type menu-item-object-page menu-item-2208\"><a href=\"https:\/\/www.interfjord.dk\/kontakt\/polen\/\" class=\"elementor-item\">Polen<\/a><\/li>\n<li class=\"menu-item menu-item-type-post_type menu-item-object-page menu-item-2209\"><a href=\"https:\/\/www.interfjord.dk\/kontakt\/randers\/\" class=\"elementor-item\">Randers<\/a><\/li>\n<li class=\"menu-item menu-item-type-post_type menu-item-object-page menu-item-2204\"><a href=\"https:\/\/www.interfjord.dk\/kontakt\/herning\/\" class=\"elementor-item\">Herning<\/a><\/li>\n<li class=\"menu-item menu-item-type-post_type menu-item-object-page menu-item-2201\"><a href=\"https:\/\/www.interfjord.dk\/kontakt\/ats-cargo\/\" class=\"elementor-item\">ATS Cargo<\/a><\/li>\n<li class=\"menu-item menu-item-type-post_type menu-item-object-page menu-item-2205\"><a href=\"https:\/\/www.interfjord.dk\/kontakt\/job\/\" class=\"elementor-item\">Arbeit<\/a><\/li>\n<\/ul>\t\t\t<\/nav>\n\t\t\t\t\t<div class=\"elementor-menu-toggle\" role=\"button\" tabindex=\"0\" aria-label=\"Men\u00fc Umschalter\" aria-expanded=\"false\">\n\t\t\t<svg aria-hidden=\"true\" role=\"presentation\" class=\"elementor-menu-toggle__icon--open e-font-icon-svg e-eicon-menu-bar\" viewBox=\"0 0 1000 1000\" xmlns=\"http:\/\/www.w3.org\/2000\/svg\"><path d=\"M104 333H896C929 333 958 304 958 271S929 208 896 208H104C71 208 42 237 42 271S71 333 104 333ZM104 583H896C929 583 958 554 958 521S929 458 896 458H104C71 458 42 487 42 521S71 583 104 583ZM104 833H896C929 833 958 804 958 771S929 708 896 708H104C71 708 42 737 42 771S71 833 104 833Z\"><\/path><\/svg><svg aria-hidden=\"true\" role=\"presentation\" class=\"elementor-menu-toggle__icon--close e-font-icon-svg e-eicon-close\" viewBox=\"0 0 1000 1000\" xmlns=\"http:\/\/www.w3.org\/2000\/svg\"><path d=\"M742 167L500 408 258 167C246 154 233 150 217 150 196 150 179 158 167 167 154 179 150 196 150 212 150 229 154 242 171 254L408 500 167 742C138 771 138 800 167 829 196 858 225 858 254 829L496 587 738 829C750 842 767 846 783 846 800 846 817 842 829 829 842 817 846 804 846 783 846 767 842 750 829 737L588 500 833 258C863 229 863 200 833 171 804 137 775 137 742 167Z\"><\/path><\/svg>\t\t<\/div>\n\t\t\t\t\t<nav class=\"elementor-nav-menu--dropdown elementor-nav-menu__container\" aria-hidden=\"true\">\n\t\t\t\t<ul id=\"menu-2-b0cfb14\" class=\"elementor-nav-menu sm-vertical\"><li class=\"menu-item menu-item-type-post_type menu-item-object-page menu-item-2203\"><a href=\"https:\/\/www.interfjord.dk\/kontakt\/glyngoere\/\" class=\"elementor-item\" tabindex=\"-1\">Glyng\u00f8re<\/a><\/li>\n<li class=\"menu-item menu-item-type-post_type menu-item-object-page menu-item-2202\"><a href=\"https:\/\/www.interfjord.dk\/kontakt\/frederikshavn\/\" class=\"elementor-item\" tabindex=\"-1\">Frederikshavn<\/a><\/li>\n<li class=\"menu-item menu-item-type-post_type menu-item-object-page menu-item-2206\"><a href=\"https:\/\/www.interfjord.dk\/kontakt\/koebenhavn\/\" class=\"elementor-item\" tabindex=\"-1\">Kopenhagen<\/a><\/li>\n<li class=\"menu-item menu-item-type-post_type menu-item-object-page menu-item-2207\"><a href=\"https:\/\/www.interfjord.dk\/kontakt\/norge\/\" class=\"elementor-item\" tabindex=\"-1\">NORWEGEN<\/a><\/li>\n<li class=\"menu-item menu-item-type-post_type menu-item-object-page menu-item-2208\"><a href=\"https:\/\/www.interfjord.dk\/kontakt\/polen\/\" class=\"elementor-item\" tabindex=\"-1\">Polen<\/a><\/li>\n<li class=\"menu-item menu-item-type-post_type menu-item-object-page menu-item-2209\"><a href=\"https:\/\/www.interfjord.dk\/kontakt\/randers\/\" class=\"elementor-item\" tabindex=\"-1\">Randers<\/a><\/li>\n<li class=\"menu-item menu-item-type-post_type menu-item-object-page menu-item-2204\"><a href=\"https:\/\/www.interfjord.dk\/kontakt\/herning\/\" class=\"elementor-item\" tabindex=\"-1\">Herning<\/a><\/li>\n<li class=\"menu-item menu-item-type-post_type menu-item-object-page menu-item-2201\"><a href=\"https:\/\/www.interfjord.dk\/kontakt\/ats-cargo\/\" class=\"elementor-item\" tabindex=\"-1\">ATS Cargo<\/a><\/li>\n<li class=\"menu-item menu-item-type-post_type menu-item-object-page menu-item-2205\"><a href=\"https:\/\/www.interfjord.dk\/kontakt\/job\/\" class=\"elementor-item\" tabindex=\"-1\">Arbeit<\/a><\/li>\n<\/ul>\t\t\t<\/nav>\n\t\t\t\t\t\t<\/div>\n\t\t\t\t<\/div>\n\t\t\t\t<\/div>\n\t\t\t\t<\/div>\n\t\t<div class=\"elementor-element elementor-element-80b93d6 e-con-full e-flex e-con e-child\" data-id=\"80b93d6\" data-element_type=\"container\">\n\t\t<div class=\"elementor-element elementor-element-b3a7d0b e-con-full e-flex e-con e-child\" data-id=\"b3a7d0b\" data-element_type=\"container\">\n\t\t<div class=\"elementor-element elementor-element-e72869a e-con-full e-flex e-con e-child\" data-id=\"e72869a\" data-element_type=\"container\">\n\t\t<div class=\"elementor-element elementor-element-1195a68 e-con-full e-flex e-con e-child\" data-id=\"1195a68\" data-element_type=\"container\">\n\t\t\t\t<div class=\"elementor-element elementor-element-a52fb6a elementor-widget__width-initial elementor-widget elementor-widget-image\" data-id=\"a52fb6a\" data-element_type=\"widget\" data-widget_type=\"image.default\">\n\t\t\t\t<div class=\"elementor-widget-container\">\n\t\t\t\t\t\t\t\t\t\t\t\t\t\t\t<img decoding=\"async\" width=\"400\" height=\"400\" src=\"https:\/\/www.interfjord.dk\/wp-content\/uploads\/2025\/03\/logo-ikon-service.png\" class=\"attachment-full size-full wp-image-1457\" alt=\"\" srcset=\"https:\/\/www.interfjord.dk\/wp-content\/uploads\/2025\/03\/logo-ikon-service.png 400w, https:\/\/www.interfjord.dk\/wp-content\/uploads\/2025\/03\/logo-ikon-service-300x300.png 300w, https:\/\/www.interfjord.dk\/wp-content\/uploads\/2025\/03\/logo-ikon-service-150x150.png 150w\" sizes=\"(max-width: 400px) 100vw, 400px\" \/>\t\t\t\t\t\t\t\t\t\t\t\t\t\t\t<\/div>\n\t\t\t\t<\/div>\n\t\t\t\t<div class=\"elementor-element elementor-element-421b9de elementor-absolute elementor-widget elementor-widget-heading\" data-id=\"421b9de\" data-element_type=\"widget\" data-settings=\"{&quot;_position&quot;:&quot;absolute&quot;}\" data-widget_type=\"heading.default\">\n\t\t\t\t<div class=\"elementor-widget-container\">\n\t\t\t\t\t<h2 class=\"elementor-heading-title elementor-size-default\">ATS Cargo<\/h2>\t\t\t\t<\/div>\n\t\t\t\t<\/div>\n\t\t\t\t<\/div>\n\t\t<div class=\"elementor-element elementor-element-f5dcce2 e-con-full e-flex e-con e-child\" data-id=\"f5dcce2\" data-element_type=\"container\">\n\t\t<div class=\"elementor-element elementor-element-3a0d151 e-con-full e-flex e-con e-child\" data-id=\"3a0d151\" data-element_type=\"container\">\n\t\t\t\t<div class=\"elementor-element elementor-element-0517e39 elementor-widget elementor-widget-text-editor\" data-id=\"0517e39\" data-element_type=\"widget\" data-widget_type=\"text-editor.default\">\n\t\t\t\t<div class=\"elementor-widget-container\">\n\t\t\t\t\t\t\t\t\t<p>Air Truck Sea Cargo A\/S<br>Sundsholmen 6<br>DK-9400 N\u00f8rresundby<br><br><br>Telefon:<strong> +45 70 20 99 97<\/strong><\/p><p>Website: <a href=\"https:\/\/www.interfjord.dk\/\">www.interfjord.dk<\/a><\/p><p>VAT nr.: 27 35 98 09<\/p><p><strong>Direktion:<\/strong><\/p><p>Thomas Hansen<\/p><p><strong>Vorstand:<\/strong><\/p><p>Vorsitzender:<br>Jens Holmgaard Pedersen<br>Casper Christensen<br>Henrik Markussen<br>Thomas Hansen<br>Daniel Gamborg<br>Lasse L\u00f8rup J\u00f8rgensen<\/p><p><strong>Qualit\u00e4tspolitik:<\/strong><\/p><p>Air Truck Sea Cargo A\/S wird Dienstleistungen, Expertise und Know-how in der Qualit\u00e4t und im Umfang liefern, die von unseren Kunden und Partnern gefordert werden. Durch die Einf\u00fchrung von ISO 9001:2015 wird Air Truck Sea Cargo A\/S sicherstellen, dass das derzeitige Qualit\u00e4tsniveau st\u00e4ndig im Fokus bleibt und kontinuierlich durch die Einbeziehung der Mitarbeiter verbessert wird, zum Nutzen sowohl der Kunden als auch des Unternehmens. Gleichzeitig wird sichergestellt, dass alle gesetzlichen und beh\u00f6rdlichen Anforderungen eingehalten werden.<\/p>\t\t\t\t\t\t\t\t<\/div>\n\t\t\t\t<\/div>\n\t\t\t\t<\/div>\n\t\t<div class=\"elementor-element elementor-element-e259d7b e-con-full e-flex e-con e-child\" data-id=\"e259d7b\" data-element_type=\"container\">\n\t\t\t\t<div class=\"elementor-element elementor-element-a9c9f09 elementor-widget elementor-widget-text-editor\" data-id=\"a9c9f09\" data-element_type=\"widget\" data-widget_type=\"text-editor.default\">\n\t\t\t\t<div class=\"elementor-widget-container\">\n\t\t\t\t\t\t\t\t\t<p><strong>Kontoinformationen:<br><\/strong>Spar Nord Bank A\/S<br>Adelgade 8<br>7800 Skive<\/p><p><strong>DKK:<br><\/strong>Reg. Nr.: 8122<br>Kontonr.: 1220314037<br>IBAN-Nr.: DK5681221220314037<br>SWIFT: SPN0DK22<\/p><p><strong>EUR:<\/strong><br>Reg. nr.: 8122<br>Kontonr.: 1220361779<br>IBAN-nr.: DK5581221220361779<br>SWIFT: SPN0DK22<\/p><p><strong>NOK:<\/strong><br>Reg. nr.: 8122<br>Kontonr.: 1220314045<br>IBAN-nr.: DK3481221220314045<br>SWIFT: SPN0DK22<\/p><p><strong>SEK:<\/strong><br>Reg. nr.: 8122<br>Kontonr.: 1220314053<br>IBAN-nr.: DK1281221220314053<br>SWIFT: SPN0DK22<\/p>\t\t\t\t\t\t\t\t<\/div>\n\t\t\t\t<\/div>\n\t\t\t\t<\/div>\n\t\t\t\t<\/div>\n\t\t\t\t<\/div>\n\t\t\t\t<\/div>\n\t\t\t\t<\/div>\n\t\t\t\t<\/div>\n\t\t\t\t<\/div>\n\t\t","protected":false},"excerpt":{"rendered":"<p>ATS Cargo Air Truck Sea Cargo A\/SSundsholmen 6DK-9400 N\u00f8rresundby Telefon: +45 70 20 99 97 Website: www.interfjord.dk VAT nr.: 27 35 98 09 Direktion: Thomas Hansen Vorstand: Vorsitzender:Jens Holmgaard PedersenCasper ChristensenHenrik MarkussenThomas HansenDaniel GamborgLasse L\u00f8rup J\u00f8rgensen Qualit\u00e4tspolitik: Air Truck Sea Cargo A\/S wird Dienstleistungen, Expertise und Know-how in der Qualit\u00e4t und im Umfang liefern, die [&hellip;]<\/p>\n","protected":false},"author":2,"featured_media":0,"parent":2897,"menu_order":0,"comment_status":"closed","ping_status":"closed","template":"","meta":{"_acf_changed":false,"inline_featured_image":false,"footnotes":""},"class_list":["post-2929","page","type-page","status-publish","hentry"],"acf":[],"_links":{"self":[{"href":"https:\/\/www.interfjord.dk\/de\/wp-json\/wp\/v2\/pages\/2929","targetHints":{"allow":["GET"]}}],"collection":[{"href":"https:\/\/www.interfjord.dk\/de\/wp-json\/wp\/v2\/pages"}],"about":[{"href":"https:\/\/www.interfjord.dk\/de\/wp-json\/wp\/v2\/types\/page"}],"author":[{"embeddable":true,"href":"https:\/\/www.interfjord.dk\/de\/wp-json\/wp\/v2\/users\/2"}],"replies":[{"embeddable":true,"href":"https:\/\/www.interfjord.dk\/de\/wp-json\/wp\/v2\/comments?post=2929"}],"version-history":[{"count":2,"href":"https:\/\/www.interfjord.dk\/de\/wp-json\/wp\/v2\/pages\/2929\/revisions"}],"predecessor-version":[{"id":3559,"href":"https:\/\/www.interfjord.dk\/de\/wp-json\/wp\/v2\/pages\/2929\/revisions\/3559"}],"up":[{"embeddable":true,"href":"https:\/\/www.interfjord.dk\/de\/wp-json\/wp\/v2\/pages\/2897"}],"wp:attachment":[{"href":"https:\/\/www.interfjord.dk\/de\/wp-json\/wp\/v2\/media?parent=2929"}],"curies":[{"name":"wp","href":"https:\/\/api.w.org\/{rel}","templated":true}]}}